{"id":296,"date":"2024-01-06T16:38:21","date_gmt":"2024-01-06T16:38:21","guid":{"rendered":"https:\/\/excellent.rodrigozuluaga.com\/?page_id=296"},"modified":"2024-01-06T22:34:45","modified_gmt":"2024-01-06T22:34:45","slug":"about-us","status":"publish","type":"page","link":"https:\/\/excellentmps.com\/es\/about-us","title":{"rendered":"Qui\u00e9nes somos"},"content":{"rendered":"<div data-elementor-type=\"wp-page\" data-elementor-id=\"296\" class=\"elementor elementor-296\" data-elementor-post-type=\"page\">\n\t\t\t\t<div class=\"elementor-element elementor-element-3c8d7e7 e-con-full e-flex e-con e-parent\" data-id=\"3c8d7e7\" data-element_type=\"container\" data-e-type=\"container\">\n\t\t\t\t<div class=\"elementor-element elementor-element-d2ddbc4 elementor-widget elementor-widget-template\" data-id=\"d2ddbc4\" data-element_type=\"widget\" data-e-type=\"widget\" data-widget_type=\"template.default\">\n\t\t\t\t<div class=\"elementor-widget-container\">\n\t\t\t\t\t\t\t<div class=\"elementor-template\">\n\t\t\t\t\t<div data-elementor-type=\"section\" data-elementor-id=\"234\" class=\"elementor elementor-234\" data-elementor-post-type=\"elementor_library\">\n\t\t\t<div class=\"elementor-element elementor-element-3408c48 e-flex e-con-boxed e-con e-parent\" data-id=\"3408c48\" data-element_type=\"container\" data-e-type=\"container\" data-settings=\"{&quot;background_background&quot;:&quot;classic&quot;}\">\n\t\t\t\t\t<div class=\"e-con-inner\">\n\t\t\t\t<div class=\"elementor-element elementor-element-36c7803 elementor-widget__width-initial elementor-widget-tablet__width-initial elementor-widget-mobile__width-inherit elementor-widget elementor-widget-jet-listing-dynamic-field\" data-id=\"36c7803\" data-element_type=\"widget\" data-e-type=\"widget\" data-widget_type=\"jet-listing-dynamic-field.default\">\n\t\t\t\t<div class=\"elementor-widget-container\">\n\t\t\t\t\t<div class=\"jet-listing jet-listing-dynamic-field display-inline\"><div class=\"jet-listing-dynamic-field__inline-wrap\"><h1 class=\"jet-listing-dynamic-field__content\" >Qui\u00e9nes somos<\/h1><\/div><\/div>\t\t\t\t<\/div>\n\t\t\t\t<\/div>\n\t\t\t\t\t<\/div>\n\t\t\t\t<\/div>\n\t\t\t\t<\/div>\n\t\t\t\t<\/div>\n\t\t\t\t\t\t<\/div>\n\t\t\t\t<\/div>\n\t\t\t\t<\/div>\n\t\t<div class=\"elementor-element elementor-element-0af986f e-flex e-con-boxed e-con e-parent\" data-id=\"0af986f\" data-element_type=\"container\" data-e-type=\"container\">\n\t\t\t\t\t<div class=\"e-con-inner\">\n\t\t<div class=\"elementor-element elementor-element-22f6373 e-con-full e-flex e-con e-child\" data-id=\"22f6373\" data-element_type=\"container\" data-e-type=\"container\">\n\t\t\t\t<div class=\"elementor-element elementor-element-3624c63 elementor-position-top elementor-widget elementor-widget-image-box\" data-id=\"3624c63\" data-element_type=\"widget\" data-e-type=\"widget\" data-widget_type=\"image-box.default\">\n\t\t\t\t<div class=\"elementor-widget-container\">\n\t\t\t\t\t<div class=\"elementor-image-box-wrapper\"><figure class=\"elementor-image-box-img\"><img decoding=\"async\" width=\"174\" height=\"167\" src=\"https:\/\/excellentmps.com\/wp-content\/uploads\/2024\/01\/mision-vision-icon.png\" class=\"attachment-full size-full wp-image-307\" alt=\"\" \/><\/figure><div class=\"elementor-image-box-content\"><h3 class=\"elementor-image-box-title\">Visi\u00f3n y misi\u00f3n<\/h3><p class=\"elementor-image-box-description\">Aplicando un proceso de selecci\u00f3n \u00fanico y formando a todos los miembros de nuestra plantilla en competencias t\u00e9cnicas espec\u00edficas, podemos ofrecer los mejores Recursos Humanos. Ayudando a nuestros clientes a mantener su negocio y mejorar sus productos y servicios.<\/p><\/div><\/div>\t\t\t\t<\/div>\n\t\t\t\t<\/div>\n\t\t\t\t<div class=\"elementor-element elementor-element-f8a2ddd elementor-widget elementor-widget-button\" data-id=\"f8a2ddd\" data-element_type=\"widget\" data-e-type=\"widget\" data-widget_type=\"button.default\">\n\t\t\t\t<div class=\"elementor-widget-container\">\n\t\t\t\t\t\t\t\t\t<div class=\"elementor-button-wrapper\">\n\t\t\t\t\t<a class=\"elementor-button elementor-button-link elementor-size-sm\" href=\"https:\/\/excellentmps.com\/es\/about-us\/vision-and-mission\">\n\t\t\t\t\t\t<span class=\"elementor-button-content-wrapper\">\n\t\t\t\t\t\t<span class=\"elementor-button-icon\">\n\t\t\t\t<svg aria-hidden=\"true\" class=\"e-font-icon-svg e-far-arrow-alt-circle-right\" viewbox=\"0 0 512 512\" xmlns=\"http:\/\/www.w3.org\/2000\/svg\"><path d=\"M504 256C504 119 393 8 256 8S8 119 8 256s111 248 248 248 248-111 248-248zm-448 0c0-110.5 89.5-200 200-200s200 89.5 200 200-89.5 200-200 200S56 366.5 56 256zm72 20v-40c0-6.6 5.4-12 12-12h116v-67c0-10.7 12.9-16 20.5-8.5l99 99c4.7 4.7 4.7 12.3 0 17l-99 99c-7.6 7.6-20.5 2.2-20.5-8.5v-67H140c-6.6 0-12-5.4-12-12z\"><\/path><\/svg>\t\t\t<\/span>\n\t\t\t\t\t\t\t\t\t<span class=\"elementor-button-text\">Leer M\u00e1s<\/span>\n\t\t\t\t\t<\/span>\n\t\t\t\t\t<\/a>\n\t\t\t\t<\/div>\n\t\t\t\t\t\t\t\t<\/div>\n\t\t\t\t<\/div>\n\t\t\t\t<\/div>\n\t\t<div class=\"elementor-element elementor-element-c998840 e-con-full e-flex e-con e-child\" data-id=\"c998840\" data-element_type=\"container\" data-e-type=\"container\">\n\t\t\t\t<div class=\"elementor-element elementor-element-ea2a91b elementor-widget__width-inherit elementor-position-top elementor-widget elementor-widget-image-box\" data-id=\"ea2a91b\" data-element_type=\"widget\" data-e-type=\"widget\" data-widget_type=\"image-box.default\">\n\t\t\t\t<div class=\"elementor-widget-container\">\n\t\t\t\t\t<div class=\"elementor-image-box-wrapper\"><figure class=\"elementor-image-box-img\"><img decoding=\"async\" width=\"174\" height=\"167\" src=\"https:\/\/excellentmps.com\/wp-content\/uploads\/2024\/01\/principio-valores-icon.png\" class=\"attachment-full size-full wp-image-306\" alt=\"\" \/><\/figure><div class=\"elementor-image-box-content\"><h3 class=\"elementor-image-box-title\">Valores<\/h3><p class=\"elementor-image-box-description translation-block\"><strong>Sentido de pertenencia <br>Felicidad <br>Aprendizaje <br>Excelencia operativa<\/strong><\/p><\/div><\/div>\t\t\t\t<\/div>\n\t\t\t\t<\/div>\n\t\t\t\t<div class=\"elementor-element elementor-element-4b92e8d elementor-widget elementor-widget-button\" data-id=\"4b92e8d\" data-element_type=\"widget\" data-e-type=\"widget\" data-widget_type=\"button.default\">\n\t\t\t\t<div class=\"elementor-widget-container\">\n\t\t\t\t\t\t\t\t\t<div class=\"elementor-button-wrapper\">\n\t\t\t\t\t<a class=\"elementor-button elementor-button-link elementor-size-sm\" href=\"https:\/\/excellentmps.com\/es\/about-us\/values\">\n\t\t\t\t\t\t<span class=\"elementor-button-content-wrapper\">\n\t\t\t\t\t\t<span class=\"elementor-button-icon\">\n\t\t\t\t<svg aria-hidden=\"true\" class=\"e-font-icon-svg e-far-arrow-alt-circle-right\" viewbox=\"0 0 512 512\" xmlns=\"http:\/\/www.w3.org\/2000\/svg\"><path d=\"M504 256C504 119 393 8 256 8S8 119 8 256s111 248 248 248 248-111 248-248zm-448 0c0-110.5 89.5-200 200-200s200 89.5 200 200-89.5 200-200 200S56 366.5 56 256zm72 20v-40c0-6.6 5.4-12 12-12h116v-67c0-10.7 12.9-16 20.5-8.5l99 99c4.7 4.7 4.7 12.3 0 17l-99 99c-7.6 7.6-20.5 2.2-20.5-8.5v-67H140c-6.6 0-12-5.4-12-12z\"><\/path><\/svg>\t\t\t<\/span>\n\t\t\t\t\t\t\t\t\t<span class=\"elementor-button-text\">Leer M\u00e1s<\/span>\n\t\t\t\t\t<\/span>\n\t\t\t\t\t<\/a>\n\t\t\t\t<\/div>\n\t\t\t\t\t\t\t\t<\/div>\n\t\t\t\t<\/div>\n\t\t\t\t<\/div>\n\t\t<div class=\"elementor-element elementor-element-c8c122d e-con-full e-flex e-con e-child\" data-id=\"c8c122d\" data-element_type=\"container\" data-e-type=\"container\">\n\t\t\t\t<div class=\"elementor-element elementor-element-b2cd6e6 elementor-position-top elementor-widget elementor-widget-image-box\" data-id=\"b2cd6e6\" data-element_type=\"widget\" data-e-type=\"widget\" data-widget_type=\"image-box.default\">\n\t\t\t\t<div class=\"elementor-widget-container\">\n\t\t\t\t\t<div class=\"elementor-image-box-wrapper\"><figure class=\"elementor-image-box-img\"><img decoding=\"async\" width=\"174\" height=\"167\" src=\"https:\/\/excellentmps.com\/wp-content\/uploads\/2024\/01\/politica-calidad-icon.png\" class=\"attachment-full size-full wp-image-305\" alt=\"\" \/><\/figure><div class=\"elementor-image-box-content\"><h3 class=\"elementor-image-box-title\">Pol\u00edtica de calidad<\/h3><p class=\"elementor-image-box-description\">En Excellent Manpower Services, nos comprometemos a proporcionar personal en misi\u00f3n con los perfiles, experiencia, conocimientos, habilidades y aptitudes, capaces de afrontar y adaptarse...<\/p><\/div><\/div>\t\t\t\t<\/div>\n\t\t\t\t<\/div>\n\t\t\t\t<div class=\"elementor-element elementor-element-7918140 elementor-widget elementor-widget-button\" data-id=\"7918140\" data-element_type=\"widget\" data-e-type=\"widget\" data-widget_type=\"button.default\">\n\t\t\t\t<div class=\"elementor-widget-container\">\n\t\t\t\t\t\t\t\t\t<div class=\"elementor-button-wrapper\">\n\t\t\t\t\t<a class=\"elementor-button elementor-button-link elementor-size-sm\" href=\"https:\/\/excellentmps.com\/es\/about-us\/quality-policy\">\n\t\t\t\t\t\t<span class=\"elementor-button-content-wrapper\">\n\t\t\t\t\t\t<span class=\"elementor-button-icon\">\n\t\t\t\t<svg aria-hidden=\"true\" class=\"e-font-icon-svg e-far-arrow-alt-circle-right\" viewbox=\"0 0 512 512\" xmlns=\"http:\/\/www.w3.org\/2000\/svg\"><path d=\"M504 256C504 119 393 8 256 8S8 119 8 256s111 248 248 248 248-111 248-248zm-448 0c0-110.5 89.5-200 200-200s200 89.5 200 200-89.5 200-200 200S56 366.5 56 256zm72 20v-40c0-6.6 5.4-12 12-12h116v-67c0-10.7 12.9-16 20.5-8.5l99 99c4.7 4.7 4.7 12.3 0 17l-99 99c-7.6 7.6-20.5 2.2-20.5-8.5v-67H140c-6.6 0-12-5.4-12-12z\"><\/path><\/svg>\t\t\t<\/span>\n\t\t\t\t\t\t\t\t\t<span class=\"elementor-button-text\">Leer M\u00e1s<\/span>\n\t\t\t\t\t<\/span>\n\t\t\t\t\t<\/a>\n\t\t\t\t<\/div>\n\t\t\t\t\t\t\t\t<\/div>\n\t\t\t\t<\/div>\n\t\t\t\t<\/div>\n\t\t<div class=\"elementor-element elementor-element-2a54a0f e-con-full e-flex e-con e-child\" data-id=\"2a54a0f\" data-element_type=\"container\" data-e-type=\"container\">\n\t\t\t\t<div class=\"elementor-element elementor-element-c850611 elementor-widget__width-inherit elementor-position-top elementor-widget elementor-widget-image-box\" data-id=\"c850611\" data-element_type=\"widget\" data-e-type=\"widget\" data-widget_type=\"image-box.default\">\n\t\t\t\t<div class=\"elementor-widget-container\">\n\t\t\t\t\t<div class=\"elementor-image-box-wrapper\"><figure class=\"elementor-image-box-img\"><img loading=\"lazy\" decoding=\"async\" width=\"174\" height=\"167\" src=\"https:\/\/excellentmps.com\/wp-content\/uploads\/2024\/01\/icon-benefits.png\" class=\"attachment-full size-full wp-image-304\" alt=\"\" \/><\/figure><div class=\"elementor-image-box-content\"><h3 class=\"elementor-image-box-title\">Beneficios<\/h3><p class=\"elementor-image-box-description translation-block\"><strong>Salario Competitivo<br> Cobertura Svb<br> Asignaci\u00f3n Vacaciones<br> Compensaci\u00f3n Salarial<br> Pago Domingo Libre<br> Capacitaciones<\/strong><\/p><\/div><\/div>\t\t\t\t<\/div>\n\t\t\t\t<\/div>\n\t\t\t\t<div class=\"elementor-element elementor-element-5812697 elementor-widget elementor-widget-button\" data-id=\"5812697\" data-element_type=\"widget\" data-e-type=\"widget\" data-widget_type=\"button.default\">\n\t\t\t\t<div class=\"elementor-widget-container\">\n\t\t\t\t\t\t\t\t\t<div class=\"elementor-button-wrapper\">\n\t\t\t\t\t<a class=\"elementor-button elementor-button-link elementor-size-sm\" href=\"https:\/\/excellentmps.com\/es\/about-us\/benefits\">\n\t\t\t\t\t\t<span class=\"elementor-button-content-wrapper\">\n\t\t\t\t\t\t<span class=\"elementor-button-icon\">\n\t\t\t\t<svg aria-hidden=\"true\" class=\"e-font-icon-svg e-far-arrow-alt-circle-right\" viewbox=\"0 0 512 512\" xmlns=\"http:\/\/www.w3.org\/2000\/svg\"><path d=\"M504 256C504 119 393 8 256 8S8 119 8 256s111 248 248 248 248-111 248-248zm-448 0c0-110.5 89.5-200 200-200s200 89.5 200 200-89.5 200-200 200S56 366.5 56 256zm72 20v-40c0-6.6 5.4-12 12-12h116v-67c0-10.7 12.9-16 20.5-8.5l99 99c4.7 4.7 4.7 12.3 0 17l-99 99c-7.6 7.6-20.5 2.2-20.5-8.5v-67H140c-6.6 0-12-5.4-12-12z\"><\/path><\/svg>\t\t\t<\/span>\n\t\t\t\t\t\t\t\t\t<span class=\"elementor-button-text\">Leer M\u00e1s<\/span>\n\t\t\t\t\t<\/span>\n\t\t\t\t\t<\/a>\n\t\t\t\t<\/div>\n\t\t\t\t\t\t\t\t<\/div>\n\t\t\t\t<\/div>\n\t\t\t\t<\/div>\n\t\t<div class=\"elementor-element elementor-element-648dbd0 e-con-full e-flex e-con e-child\" data-id=\"648dbd0\" data-element_type=\"container\" data-e-type=\"container\">\n\t\t\t\t<div class=\"elementor-element elementor-element-1dcd721 elementor-position-top elementor-widget elementor-widget-image-box\" data-id=\"1dcd721\" data-element_type=\"widget\" data-e-type=\"widget\" data-widget_type=\"image-box.default\">\n\t\t\t\t<div class=\"elementor-widget-container\">\n\t\t\t\t\t<div class=\"elementor-image-box-wrapper\"><figure class=\"elementor-image-box-img\"><img loading=\"lazy\" decoding=\"async\" width=\"174\" height=\"167\" src=\"https:\/\/excellentmps.com\/wp-content\/uploads\/2024\/01\/alianza-icono.png\" class=\"attachment-full size-full wp-image-308\" alt=\"\" \/><\/figure><div class=\"elementor-image-box-content\"><h3 class=\"elementor-image-box-title\">Nuestros Aliados<\/h3><p class=\"elementor-image-box-description\">EXCELLENT mantiene s\u00f3lidas alianzas con fundaciones e instituciones...<\/p><\/div><\/div>\t\t\t\t<\/div>\n\t\t\t\t<\/div>\n\t\t\t\t<div class=\"elementor-element elementor-element-3dd3568 elementor-widget elementor-widget-button\" data-id=\"3dd3568\" data-element_type=\"widget\" data-e-type=\"widget\" data-widget_type=\"button.default\">\n\t\t\t\t<div class=\"elementor-widget-container\">\n\t\t\t\t\t\t\t\t\t<div class=\"elementor-button-wrapper\">\n\t\t\t\t\t<a class=\"elementor-button elementor-button-link elementor-size-sm\" href=\"https:\/\/excellentmps.com\/es\/about-us\/our-alies\">\n\t\t\t\t\t\t<span class=\"elementor-button-content-wrapper\">\n\t\t\t\t\t\t<span class=\"elementor-button-icon\">\n\t\t\t\t<svg aria-hidden=\"true\" class=\"e-font-icon-svg e-far-arrow-alt-circle-right\" viewbox=\"0 0 512 512\" xmlns=\"http:\/\/www.w3.org\/2000\/svg\"><path d=\"M504 256C504 119 393 8 256 8S8 119 8 256s111 248 248 248 248-111 248-248zm-448 0c0-110.5 89.5-200 200-200s200 89.5 200 200-89.5 200-200 200S56 366.5 56 256zm72 20v-40c0-6.6 5.4-12 12-12h116v-67c0-10.7 12.9-16 20.5-8.5l99 99c4.7 4.7 4.7 12.3 0 17l-99 99c-7.6 7.6-20.5 2.2-20.5-8.5v-67H140c-6.6 0-12-5.4-12-12z\"><\/path><\/svg>\t\t\t<\/span>\n\t\t\t\t\t\t\t\t\t<span class=\"elementor-button-text\">Leer M\u00e1s<\/span>\n\t\t\t\t\t<\/span>\n\t\t\t\t\t<\/a>\n\t\t\t\t<\/div>\n\t\t\t\t\t\t\t\t<\/div>\n\t\t\t\t<\/div>\n\t\t\t\t<\/div>\n\t\t\t\t\t<\/div>\n\t\t\t\t<\/div>\n\t\t<div class=\"elementor-element elementor-element-38d6f3d e-flex e-con-boxed e-con e-parent\" data-id=\"38d6f3d\" data-element_type=\"container\" data-e-type=\"container\" data-settings=\"{&quot;background_background&quot;:&quot;classic&quot;}\">\n\t\t\t\t\t<div class=\"e-con-inner\">\n\t\t\t\t<div class=\"elementor-element elementor-element-0db4dc8 elementor-widget elementor-widget-text-editor\" data-id=\"0db4dc8\" data-element_type=\"widget\" data-e-type=\"widget\" data-widget_type=\"text-editor.default\">\n\t\t\t\t<div class=\"elementor-widget-container\">\n\t\t\t\t\t\t\t\t\t<blockquote><p><em>\"Nuestro equipo siempre trabajando para mejorar los indicadores de su empresa\".<\/em><\/p><\/blockquote>\t\t\t\t\t\t\t\t<\/div>\n\t\t\t\t<\/div>\n\t\t\t\t\t<\/div>\n\t\t\t\t<\/div>\n\t\t\t\t<\/div>","protected":false},"excerpt":{"rendered":"<p>Mission and Vision By applying an unique selection process and training all of our staff members on specific technical skills, we are able to provide the best Human Resources. Helping our clients to maintain their business and improve their products and services. Read More Our Values Sense of belonging Happiness Learning Operational Excellence Read More [&hellip;]<\/p>\n","protected":false},"author":1,"featured_media":0,"parent":0,"menu_order":0,"comment_status":"closed","ping_status":"closed","template":"","meta":{"footnotes":""},"class_list":["post-296","page","type-page","status-publish","hentry"],"yoast_head":"<!-- This site is optimized with the Yoast SEO plugin v27.3 - https:\/\/yoast.com\/product\/yoast-seo-wordpress\/ -->\n<title>About Us - Excellent Manpower Services<\/title>\n<meta name=\"robots\" content=\"index, follow, max-snippet:-1, max-image-preview:large, max-video-preview:-1\" \/>\n<link rel=\"canonical\" href=\"https:\/\/excellentmps.com\/es\/about-us\/\" \/>\n<meta property=\"og:locale\" content=\"es_ES\" \/>\n<meta property=\"og:type\" content=\"article\" \/>\n<meta property=\"og:title\" content=\"About Us - Excellent Manpower Services\" \/>\n<meta property=\"og:description\" content=\"Mission and Vision By applying an unique selection process and training all of our staff members on specific technical skills, we are able to provide the best Human Resources. Helping our clients to maintain their business and improve their products and services. Read More Our Values Sense of belonging Happiness Learning Operational Excellence Read More [&hellip;]\" \/>\n<meta property=\"og:url\" content=\"https:\/\/excellentmps.com\/es\/about-us\/\" \/>\n<meta property=\"og:site_name\" content=\"Excellent Manpower Services\" \/>\n<meta property=\"article:modified_time\" content=\"2024-01-06T22:34:45+00:00\" \/>\n<meta property=\"og:image\" content=\"https:\/\/excellent.rodrigozuluaga.com\/wp-content\/uploads\/2024\/01\/mision-vision-icon.png\" \/>\n<meta name=\"twitter:card\" content=\"summary_large_image\" \/>\n<meta name=\"twitter:label1\" content=\"Tiempo de lectura\" \/>\n\t<meta name=\"twitter:data1\" content=\"1 minuto\" \/>\n<script type=\"application\/ld+json\" class=\"yoast-schema-graph\">{\"@context\":\"https:\\\/\\\/schema.org\",\"@graph\":[{\"@type\":\"WebPage\",\"@id\":\"https:\\\/\\\/excellentmps.com\\\/about-us\",\"url\":\"https:\\\/\\\/excellentmps.com\\\/about-us\",\"name\":\"About Us - Excellent Manpower Services\",\"isPartOf\":{\"@id\":\"https:\\\/\\\/excellentmps.com\\\/#website\"},\"primaryImageOfPage\":{\"@id\":\"https:\\\/\\\/excellentmps.com\\\/about-us#primaryimage\"},\"image\":{\"@id\":\"https:\\\/\\\/excellentmps.com\\\/about-us#primaryimage\"},\"thumbnailUrl\":\"https:\\\/\\\/excellent.rodrigozuluaga.com\\\/wp-content\\\/uploads\\\/2024\\\/01\\\/mision-vision-icon.png\",\"datePublished\":\"2024-01-06T16:38:21+00:00\",\"dateModified\":\"2024-01-06T22:34:45+00:00\",\"breadcrumb\":{\"@id\":\"https:\\\/\\\/excellentmps.com\\\/about-us#breadcrumb\"},\"inLanguage\":\"es-CO\",\"potentialAction\":[{\"@type\":\"ReadAction\",\"target\":[\"https:\\\/\\\/excellentmps.com\\\/about-us\"]}]},{\"@type\":\"ImageObject\",\"inLanguage\":\"es-CO\",\"@id\":\"https:\\\/\\\/excellentmps.com\\\/about-us#primaryimage\",\"url\":\"https:\\\/\\\/excellent.rodrigozuluaga.com\\\/wp-content\\\/uploads\\\/2024\\\/01\\\/mision-vision-icon.png\",\"contentUrl\":\"https:\\\/\\\/excellent.rodrigozuluaga.com\\\/wp-content\\\/uploads\\\/2024\\\/01\\\/mision-vision-icon.png\"},{\"@type\":\"BreadcrumbList\",\"@id\":\"https:\\\/\\\/excellentmps.com\\\/about-us#breadcrumb\",\"itemListElement\":[{\"@type\":\"ListItem\",\"position\":1,\"name\":\"Home\",\"item\":\"https:\\\/\\\/excellentmps.com\\\/\"},{\"@type\":\"ListItem\",\"position\":2,\"name\":\"About Us\"}]},{\"@type\":\"WebSite\",\"@id\":\"https:\\\/\\\/excellentmps.com\\\/#website\",\"url\":\"https:\\\/\\\/excellentmps.com\\\/\",\"name\":\"Excellent Manpower Services\",\"description\":\"\",\"publisher\":{\"@id\":\"https:\\\/\\\/excellentmps.com\\\/#organization\"},\"potentialAction\":[{\"@type\":\"SearchAction\",\"target\":{\"@type\":\"EntryPoint\",\"urlTemplate\":\"https:\\\/\\\/excellentmps.com\\\/?s={search_term_string}\"},\"query-input\":{\"@type\":\"PropertyValueSpecification\",\"valueRequired\":true,\"valueName\":\"search_term_string\"}}],\"inLanguage\":\"es-CO\"},{\"@type\":\"Organization\",\"@id\":\"https:\\\/\\\/excellentmps.com\\\/#organization\",\"name\":\"Excellent Manpower Services\",\"url\":\"https:\\\/\\\/excellentmps.com\\\/\",\"logo\":{\"@type\":\"ImageObject\",\"inLanguage\":\"es-CO\",\"@id\":\"https:\\\/\\\/excellentmps.com\\\/#\\\/schema\\\/logo\\\/image\\\/\",\"url\":\"https:\\\/\\\/excellentmps.com\\\/wp-content\\\/uploads\\\/2024\\\/01\\\/excellent-black-logo.png\",\"contentUrl\":\"https:\\\/\\\/excellentmps.com\\\/wp-content\\\/uploads\\\/2024\\\/01\\\/excellent-black-logo.png\",\"width\":188,\"height\":64,\"caption\":\"Excellent Manpower Services\"},\"image\":{\"@id\":\"https:\\\/\\\/excellentmps.com\\\/#\\\/schema\\\/logo\\\/image\\\/\"}}]}<\/script>\n<!-- \/ Yoast SEO plugin. -->","yoast_head_json":{"title":"About Us - Excellent Manpower Services","robots":{"index":"index","follow":"follow","max-snippet":"max-snippet:-1","max-image-preview":"max-image-preview:large","max-video-preview":"max-video-preview:-1"},"canonical":"https:\/\/excellentmps.com\/es\/about-us\/","og_locale":"es_ES","og_type":"article","og_title":"About Us - Excellent Manpower Services","og_description":"Mission and Vision By applying an unique selection process and training all of our staff members on specific technical skills, we are able to provide the best Human Resources. Helping our clients to maintain their business and improve their products and services. Read More Our Values Sense of belonging Happiness Learning Operational Excellence Read More [&hellip;]","og_url":"https:\/\/excellentmps.com\/es\/about-us\/","og_site_name":"Excellent Manpower Services","article_modified_time":"2024-01-06T22:34:45+00:00","og_image":[{"url":"https:\/\/excellent.rodrigozuluaga.com\/wp-content\/uploads\/2024\/01\/mision-vision-icon.png","type":"","width":"","height":""}],"twitter_card":"summary_large_image","twitter_misc":{"Tiempo de lectura":"1 minuto"},"schema":{"@context":"https:\/\/schema.org","@graph":[{"@type":"WebPage","@id":"https:\/\/excellentmps.com\/about-us","url":"https:\/\/excellentmps.com\/about-us","name":"About Us - Excellent Manpower Services","isPartOf":{"@id":"https:\/\/excellentmps.com\/#website"},"primaryImageOfPage":{"@id":"https:\/\/excellentmps.com\/about-us#primaryimage"},"image":{"@id":"https:\/\/excellentmps.com\/about-us#primaryimage"},"thumbnailUrl":"https:\/\/excellent.rodrigozuluaga.com\/wp-content\/uploads\/2024\/01\/mision-vision-icon.png","datePublished":"2024-01-06T16:38:21+00:00","dateModified":"2024-01-06T22:34:45+00:00","breadcrumb":{"@id":"https:\/\/excellentmps.com\/about-us#breadcrumb"},"inLanguage":"es-CO","potentialAction":[{"@type":"ReadAction","target":["https:\/\/excellentmps.com\/about-us"]}]},{"@type":"ImageObject","inLanguage":"es-CO","@id":"https:\/\/excellentmps.com\/about-us#primaryimage","url":"https:\/\/excellent.rodrigozuluaga.com\/wp-content\/uploads\/2024\/01\/mision-vision-icon.png","contentUrl":"https:\/\/excellent.rodrigozuluaga.com\/wp-content\/uploads\/2024\/01\/mision-vision-icon.png"},{"@type":"BreadcrumbList","@id":"https:\/\/excellentmps.com\/about-us#breadcrumb","itemListElement":[{"@type":"ListItem","position":1,"name":"Home","item":"https:\/\/excellentmps.com\/"},{"@type":"ListItem","position":2,"name":"About Us"}]},{"@type":"WebSite","@id":"https:\/\/excellentmps.com\/#website","url":"https:\/\/excellentmps.com\/","name":"Excellent Manpower Services","description":"","publisher":{"@id":"https:\/\/excellentmps.com\/#organization"},"potentialAction":[{"@type":"SearchAction","target":{"@type":"EntryPoint","urlTemplate":"https:\/\/excellentmps.com\/?s={search_term_string}"},"query-input":{"@type":"PropertyValueSpecification","valueRequired":true,"valueName":"search_term_string"}}],"inLanguage":"es-CO"},{"@type":"Organization","@id":"https:\/\/excellentmps.com\/#organization","name":"Excellent Manpower Services","url":"https:\/\/excellentmps.com\/","logo":{"@type":"ImageObject","inLanguage":"es-CO","@id":"https:\/\/excellentmps.com\/#\/schema\/logo\/image\/","url":"https:\/\/excellentmps.com\/wp-content\/uploads\/2024\/01\/excellent-black-logo.png","contentUrl":"https:\/\/excellentmps.com\/wp-content\/uploads\/2024\/01\/excellent-black-logo.png","width":188,"height":64,"caption":"Excellent Manpower Services"},"image":{"@id":"https:\/\/excellentmps.com\/#\/schema\/logo\/image\/"}}]}},"_links":{"self":[{"href":"https:\/\/excellentmps.com\/es\/wp-json\/wp\/v2\/pages\/296","targetHints":{"allow":["GET"]}}],"collection":[{"href":"https:\/\/excellentmps.com\/es\/wp-json\/wp\/v2\/pages"}],"about":[{"href":"https:\/\/excellentmps.com\/es\/wp-json\/wp\/v2\/types\/page"}],"author":[{"embeddable":true,"href":"https:\/\/excellentmps.com\/es\/wp-json\/wp\/v2\/users\/1"}],"replies":[{"embeddable":true,"href":"https:\/\/excellentmps.com\/es\/wp-json\/wp\/v2\/comments?post=296"}],"version-history":[{"count":0,"href":"https:\/\/excellentmps.com\/es\/wp-json\/wp\/v2\/pages\/296\/revisions"}],"wp:attachment":[{"href":"https:\/\/excellentmps.com\/es\/wp-json\/wp\/v2\/media?parent=296"}],"curies":[{"name":"wp","href":"https:\/\/api.w.org\/{rel}","templated":true}]}}