{"id":279,"date":"2024-01-06T16:20:14","date_gmt":"2024-01-06T16:20:14","guid":{"rendered":"https:\/\/excellent.rodrigozuluaga.com\/?page_id=279"},"modified":"2024-01-06T16:26:29","modified_gmt":"2024-01-06T16:26:29","slug":"payroll-services","status":"publish","type":"page","link":"https:\/\/excellentmps.com\/es\/our-services\/payroll-services","title":{"rendered":"Servicios de n\u00f3mina"},"content":{"rendered":"<div data-elementor-type=\"wp-page\" data-elementor-id=\"279\" class=\"elementor elementor-279\" data-elementor-post-type=\"page\">\n\t\t\t\t<div class=\"elementor-element elementor-element-2addb32 e-con-full e-flex e-con e-parent\" data-id=\"2addb32\" data-element_type=\"container\" data-e-type=\"container\">\n\t\t\t\t<div class=\"elementor-element elementor-element-d04a973 elementor-widget elementor-widget-template\" data-id=\"d04a973\" data-element_type=\"widget\" data-e-type=\"widget\" data-widget_type=\"template.default\">\n\t\t\t\t<div class=\"elementor-widget-container\">\n\t\t\t\t\t\t\t<div class=\"elementor-template\">\n\t\t\t\t\t<div data-elementor-type=\"section\" data-elementor-id=\"234\" class=\"elementor elementor-234\" data-elementor-post-type=\"elementor_library\">\n\t\t\t<div class=\"elementor-element elementor-element-3408c48 e-flex e-con-boxed e-con e-parent\" data-id=\"3408c48\" data-element_type=\"container\" data-e-type=\"container\" data-settings=\"{&quot;background_background&quot;:&quot;classic&quot;}\">\n\t\t\t\t\t<div class=\"e-con-inner\">\n\t\t\t\t<div class=\"elementor-element elementor-element-36c7803 elementor-widget__width-initial elementor-widget-tablet__width-initial elementor-widget-mobile__width-inherit elementor-widget elementor-widget-jet-listing-dynamic-field\" data-id=\"36c7803\" data-element_type=\"widget\" data-e-type=\"widget\" data-widget_type=\"jet-listing-dynamic-field.default\">\n\t\t\t\t<div class=\"elementor-widget-container\">\n\t\t\t\t\t<div class=\"jet-listing jet-listing-dynamic-field display-inline\"><div class=\"jet-listing-dynamic-field__inline-wrap\"><h1 class=\"jet-listing-dynamic-field__content\" >Servicios de n\u00f3mina<\/h1><\/div><\/div>\t\t\t\t<\/div>\n\t\t\t\t<\/div>\n\t\t\t\t\t<\/div>\n\t\t\t\t<\/div>\n\t\t\t\t<\/div>\n\t\t\t\t<\/div>\n\t\t\t\t\t\t<\/div>\n\t\t\t\t<\/div>\n\t\t\t\t<\/div>\n\t\t<div class=\"elementor-element elementor-element-c8e79d5 e-flex e-con-boxed e-con e-parent\" data-id=\"c8e79d5\" data-element_type=\"container\" data-e-type=\"container\">\n\t\t\t\t\t<div class=\"e-con-inner\">\n\t\t<div class=\"elementor-element elementor-element-8eb9ebe e-con-full e-flex e-con e-child\" data-id=\"8eb9ebe\" data-element_type=\"container\" data-e-type=\"container\">\n\t\t\t\t<div class=\"elementor-element elementor-element-4276740 elementor-widget elementor-widget-image\" data-id=\"4276740\" data-element_type=\"widget\" data-e-type=\"widget\" data-widget_type=\"image.default\">\n\t\t\t\t<div class=\"elementor-widget-container\">\n\t\t\t\t\t\t\t\t\t\t\t\t\t\t\t<img fetchpriority=\"high\" decoding=\"async\" width=\"272\" height=\"237\" src=\"https:\/\/excellentmps.com\/wp-content\/uploads\/2024\/01\/servicio-gestion.png\" class=\"attachment-large size-large wp-image-164\" alt=\"\" \/>\t\t\t\t\t\t\t\t\t\t\t\t\t\t\t<\/div>\n\t\t\t\t<\/div>\n\t\t\t\t<\/div>\n\t\t<div class=\"elementor-element elementor-element-dc350e2 e-con-full e-flex e-con e-child\" data-id=\"dc350e2\" data-element_type=\"container\" data-e-type=\"container\">\n\t\t\t\t<div class=\"elementor-element elementor-element-06430d3 elementor-widget elementor-widget-text-editor\" data-id=\"06430d3\" data-element_type=\"widget\" data-e-type=\"widget\" data-widget_type=\"text-editor.default\">\n\t\t\t\t<div class=\"elementor-widget-container\">\n\t\t\t\t\t\t\t\t\t<p>Apoyamos el crecimiento constante de nuestros clientes y la consecuci\u00f3n de sus objetivos estrat\u00e9gicos para mejorar los \u00edndices de productividad y eficiencia dentro de la organizaci\u00f3n.<\/p><p>Mediante la identificaci\u00f3n de los riesgos inherentes a sus operaciones y procesos, ayudamos a las empresas a optimizar sus resultados a trav\u00e9s de consultor\u00edas para el dise\u00f1o, apoyo e implantaci\u00f3n de normas de certificaci\u00f3n como:<\/p>\t\t\t\t\t\t\t\t<\/div>\n\t\t\t\t<\/div>\n\t\t\t\t<\/div>\n\t\t\t\t\t<\/div>\n\t\t\t\t<\/div>\n\t\t<div class=\"elementor-element elementor-element-33eff13 e-flex e-con-boxed e-con e-parent\" data-id=\"33eff13\" data-element_type=\"container\" data-e-type=\"container\">\n\t\t\t\t\t<div class=\"e-con-inner\">\n\t\t<div class=\"elementor-element elementor-element-7d5f8fc e-con-full e-flex e-con e-child\" data-id=\"7d5f8fc\" data-element_type=\"container\" data-e-type=\"container\">\n\t\t\t\t<div class=\"elementor-element elementor-element-422c5c1 elementor-position-inline-start elementor-widget__width-initial elementor-widget-mobile__width-inherit elementor-view-default elementor-mobile-position-block-start elementor-widget elementor-widget-icon-box\" data-id=\"422c5c1\" data-element_type=\"widget\" data-e-type=\"widget\" data-widget_type=\"icon-box.default\">\n\t\t\t\t<div class=\"elementor-widget-container\">\n\t\t\t\t\t\t\t<div class=\"elementor-icon-box-wrapper\">\n\n\t\t\t\t\t\t<div class=\"elementor-icon-box-icon\">\n\t\t\t\t<span  class=\"elementor-icon\">\n\t\t\t\t<svg aria-hidden=\"true\" class=\"e-font-icon-svg e-fas-check-circle\" viewbox=\"0 0 512 512\" xmlns=\"http:\/\/www.w3.org\/2000\/svg\"><path d=\"M504 256c0 136.967-111.033 248-248 248S8 392.967 8 256 119.033 8 256 8s248 111.033 248 248zM227.314 387.314l184-184c6.248-6.248 6.248-16.379 0-22.627l-22.627-22.627c-6.248-6.249-16.379-6.249-22.628 0L216 308.118l-70.059-70.059c-6.248-6.248-16.379-6.248-22.628 0l-22.627 22.627c-6.248 6.248-6.248 16.379 0 22.627l104 104c6.249 6.249 16.379 6.249 22.628.001z\"><\/path><\/svg>\t\t\t\t<\/span>\n\t\t\t<\/div>\n\t\t\t\n\t\t\t\t\t\t<div class=\"elementor-icon-box-content\">\n\n\t\t\t\t\t\t\t\t\t<h3 class=\"elementor-icon-box-title\">\n\t\t\t\t\t\t<span  >\n\t\t\t\t\t\t\tSISTEMAS DE GESTI\u00d3N DE LA CALIDAD.\t\t\t\t\t\t<\/span>\n\t\t\t\t\t<\/h3>\n\t\t\t\t\n\t\t\t\t\n\t\t\t<\/div>\n\t\t\t\n\t\t<\/div>\n\t\t\t\t\t\t<\/div>\n\t\t\t\t<\/div>\n\t\t\t\t<div class=\"elementor-element elementor-element-d2db379 elementor-position-inline-start elementor-widget__width-initial elementor-widget-mobile__width-inherit elementor-view-default elementor-mobile-position-block-start elementor-widget elementor-widget-icon-box\" data-id=\"d2db379\" data-element_type=\"widget\" data-e-type=\"widget\" data-widget_type=\"icon-box.default\">\n\t\t\t\t<div class=\"elementor-widget-container\">\n\t\t\t\t\t\t\t<div class=\"elementor-icon-box-wrapper\">\n\n\t\t\t\t\t\t<div class=\"elementor-icon-box-icon\">\n\t\t\t\t<span  class=\"elementor-icon\">\n\t\t\t\t<svg aria-hidden=\"true\" class=\"e-font-icon-svg e-fas-check-circle\" viewbox=\"0 0 512 512\" xmlns=\"http:\/\/www.w3.org\/2000\/svg\"><path d=\"M504 256c0 136.967-111.033 248-248 248S8 392.967 8 256 119.033 8 256 8s248 111.033 248 248zM227.314 387.314l184-184c6.248-6.248 6.248-16.379 0-22.627l-22.627-22.627c-6.248-6.249-16.379-6.249-22.628 0L216 308.118l-70.059-70.059c-6.248-6.248-16.379-6.248-22.628 0l-22.627 22.627c-6.248 6.248-6.248 16.379 0 22.627l104 104c6.249 6.249 16.379 6.249 22.628.001z\"><\/path><\/svg>\t\t\t\t<\/span>\n\t\t\t<\/div>\n\t\t\t\n\t\t\t\t\t\t<div class=\"elementor-icon-box-content\">\n\n\t\t\t\t\t\t\t\t\t<h3 class=\"elementor-icon-box-title\">\n\t\t\t\t\t\t<span  >\n\t\t\t\t\t\t\tPOL\u00cdTICA DE SALUD Y SEGURIDAD EN EL TRABAJO\t\t\t\t\t\t<\/span>\n\t\t\t\t\t<\/h3>\n\t\t\t\t\n\t\t\t\t\n\t\t\t<\/div>\n\t\t\t\n\t\t<\/div>\n\t\t\t\t\t\t<\/div>\n\t\t\t\t<\/div>\n\t\t\t\t<div class=\"elementor-element elementor-element-8ffaf87 elementor-position-inline-start elementor-widget__width-initial elementor-widget-mobile__width-inherit elementor-view-default elementor-mobile-position-block-start elementor-widget elementor-widget-icon-box\" data-id=\"8ffaf87\" data-element_type=\"widget\" data-e-type=\"widget\" data-widget_type=\"icon-box.default\">\n\t\t\t\t<div class=\"elementor-widget-container\">\n\t\t\t\t\t\t\t<div class=\"elementor-icon-box-wrapper\">\n\n\t\t\t\t\t\t<div class=\"elementor-icon-box-icon\">\n\t\t\t\t<span  class=\"elementor-icon\">\n\t\t\t\t<svg aria-hidden=\"true\" class=\"e-font-icon-svg e-fas-check-circle\" viewbox=\"0 0 512 512\" xmlns=\"http:\/\/www.w3.org\/2000\/svg\"><path d=\"M504 256c0 136.967-111.033 248-248 248S8 392.967 8 256 119.033 8 256 8s248 111.033 248 248zM227.314 387.314l184-184c6.248-6.248 6.248-16.379 0-22.627l-22.627-22.627c-6.248-6.249-16.379-6.249-22.628 0L216 308.118l-70.059-70.059c-6.248-6.248-16.379-6.248-22.628 0l-22.627 22.627c-6.248 6.248-6.248 16.379 0 22.627l104 104c6.249 6.249 16.379 6.249 22.628.001z\"><\/path><\/svg>\t\t\t\t<\/span>\n\t\t\t<\/div>\n\t\t\t\n\t\t\t\t\t\t<div class=\"elementor-icon-box-content\">\n\n\t\t\t\t\t\t\t\t\t<h3 class=\"elementor-icon-box-title\">\n\t\t\t\t\t\t<span  >\n\t\t\t\t\t\t\tEVALUACI\u00d3N DE PROVEEDORES\t\t\t\t\t\t<\/span>\n\t\t\t\t\t<\/h3>\n\t\t\t\t\n\t\t\t\t\n\t\t\t<\/div>\n\t\t\t\n\t\t<\/div>\n\t\t\t\t\t\t<\/div>\n\t\t\t\t<\/div>\n\t\t\t\t<div class=\"elementor-element elementor-element-2eeb0df elementor-position-inline-start elementor-widget__width-initial elementor-widget-mobile__width-inherit elementor-view-default elementor-mobile-position-block-start elementor-widget elementor-widget-icon-box\" data-id=\"2eeb0df\" data-element_type=\"widget\" data-e-type=\"widget\" data-widget_type=\"icon-box.default\">\n\t\t\t\t<div class=\"elementor-widget-container\">\n\t\t\t\t\t\t\t<div class=\"elementor-icon-box-wrapper\">\n\n\t\t\t\t\t\t<div class=\"elementor-icon-box-icon\">\n\t\t\t\t<span  class=\"elementor-icon\">\n\t\t\t\t<svg aria-hidden=\"true\" class=\"e-font-icon-svg e-fas-check-circle\" viewbox=\"0 0 512 512\" xmlns=\"http:\/\/www.w3.org\/2000\/svg\"><path d=\"M504 256c0 136.967-111.033 248-248 248S8 392.967 8 256 119.033 8 256 8s248 111.033 248 248zM227.314 387.314l184-184c6.248-6.248 6.248-16.379 0-22.627l-22.627-22.627c-6.248-6.249-16.379-6.249-22.628 0L216 308.118l-70.059-70.059c-6.248-6.248-16.379-6.248-22.628 0l-22.627 22.627c-6.248 6.248-6.248 16.379 0 22.627l104 104c6.249 6.249 16.379 6.249 22.628.001z\"><\/path><\/svg>\t\t\t\t<\/span>\n\t\t\t<\/div>\n\t\t\t\n\t\t\t\t\t\t<div class=\"elementor-icon-box-content\">\n\n\t\t\t\t\t\t\t\t\t<h3 class=\"elementor-icon-box-title\">\n\t\t\t\t\t\t<span  >\n\t\t\t\t\t\t\tSISTEMA DE GESTI\u00d3N DE LA SEGURIDAD DE LA CADENA DE SUMINISTRO\t\t\t\t\t\t<\/span>\n\t\t\t\t\t<\/h3>\n\t\t\t\t\n\t\t\t\t\n\t\t\t<\/div>\n\t\t\t\n\t\t<\/div>\n\t\t\t\t\t\t<\/div>\n\t\t\t\t<\/div>\n\t\t\t\t<div class=\"elementor-element elementor-element-957ebe2 elementor-position-inline-start elementor-widget__width-initial elementor-widget-mobile__width-inherit elementor-view-default elementor-mobile-position-block-start elementor-widget elementor-widget-icon-box\" data-id=\"957ebe2\" data-element_type=\"widget\" data-e-type=\"widget\" data-widget_type=\"icon-box.default\">\n\t\t\t\t<div class=\"elementor-widget-container\">\n\t\t\t\t\t\t\t<div class=\"elementor-icon-box-wrapper\">\n\n\t\t\t\t\t\t<div class=\"elementor-icon-box-icon\">\n\t\t\t\t<span  class=\"elementor-icon\">\n\t\t\t\t<svg aria-hidden=\"true\" class=\"e-font-icon-svg e-fas-check-circle\" viewbox=\"0 0 512 512\" xmlns=\"http:\/\/www.w3.org\/2000\/svg\"><path d=\"M504 256c0 136.967-111.033 248-248 248S8 392.967 8 256 119.033 8 256 8s248 111.033 248 248zM227.314 387.314l184-184c6.248-6.248 6.248-16.379 0-22.627l-22.627-22.627c-6.248-6.249-16.379-6.249-22.628 0L216 308.118l-70.059-70.059c-6.248-6.248-16.379-6.248-22.628 0l-22.627 22.627c-6.248 6.248-6.248 16.379 0 22.627l104 104c6.249 6.249 16.379 6.249 22.628.001z\"><\/path><\/svg>\t\t\t\t<\/span>\n\t\t\t<\/div>\n\t\t\t\n\t\t\t\t\t\t<div class=\"elementor-icon-box-content\">\n\n\t\t\t\t\t\t\t\t\t<h3 class=\"elementor-icon-box-title\">\n\t\t\t\t\t\t<span  >\n\t\t\t\t\t\t\tGESTI\u00d3N MEDIOAMBIENTAL\t\t\t\t\t\t<\/span>\n\t\t\t\t\t<\/h3>\n\t\t\t\t\n\t\t\t\t\n\t\t\t<\/div>\n\t\t\t\n\t\t<\/div>\n\t\t\t\t\t\t<\/div>\n\t\t\t\t<\/div>\n\t\t\t\t<\/div>\n\t\t\t\t\t<\/div>\n\t\t\t\t<\/div>\n\t\t<div class=\"elementor-element elementor-element-38248cd e-flex e-con-boxed e-con e-parent\" data-id=\"38248cd\" data-element_type=\"container\" data-e-type=\"container\" data-settings=\"{&quot;background_background&quot;:&quot;classic&quot;}\">\n\t\t\t\t\t<div class=\"e-con-inner\">\n\t\t\t\t<div class=\"elementor-element elementor-element-bc022f2 elementor-widget elementor-widget-heading\" data-id=\"bc022f2\" data-element_type=\"widget\" data-e-type=\"widget\" data-widget_type=\"heading.default\">\n\t\t\t\t<div class=\"elementor-widget-container\">\n\t\t\t\t\t<h2 class=\"elementor-heading-title elementor-size-default\">Beneficios<\/h2>\t\t\t\t<\/div>\n\t\t\t\t<\/div>\n\t\t\t\t\t<\/div>\n\t\t\t\t<\/div>\n\t\t\t\t<\/div>","protected":false},"excerpt":{"rendered":"<p>We support the constant growth of our clients and the achievement of their strategic objectives to improve productivity and efficiency indexes within the organization. Through the identification of the risks inherent in its operations and processes, we help companies to optimize their results through consultancies for the design, support and implementation of certification standards such [&hellip;]<\/p>\n","protected":false},"author":1,"featured_media":0,"parent":218,"menu_order":0,"comment_status":"closed","ping_status":"closed","template":"","meta":{"footnotes":""},"class_list":["post-279","page","type-page","status-publish","hentry"],"yoast_head":"<!-- This site is optimized with the Yoast SEO plugin v27.3 - https:\/\/yoast.com\/product\/yoast-seo-wordpress\/ -->\n<title>Payroll Services - Excellent Manpower Services<\/title>\n<meta name=\"robots\" content=\"index, follow, max-snippet:-1, max-image-preview:large, max-video-preview:-1\" \/>\n<link rel=\"canonical\" href=\"https:\/\/excellentmps.com\/es\/our-services\/payroll-services\/\" \/>\n<meta property=\"og:locale\" content=\"es_ES\" \/>\n<meta property=\"og:type\" content=\"article\" \/>\n<meta property=\"og:title\" content=\"Payroll Services - Excellent Manpower Services\" \/>\n<meta property=\"og:description\" content=\"We support the constant growth of our clients and the achievement of their strategic objectives to improve productivity and efficiency indexes within the organization. Through the identification of the risks inherent in its operations and processes, we help companies to optimize their results through consultancies for the design, support and implementation of certification standards such [&hellip;]\" \/>\n<meta property=\"og:url\" content=\"https:\/\/excellentmps.com\/es\/our-services\/payroll-services\/\" \/>\n<meta property=\"og:site_name\" content=\"Excellent Manpower Services\" \/>\n<meta property=\"article:modified_time\" content=\"2024-01-06T16:26:29+00:00\" \/>\n<meta property=\"og:image\" content=\"https:\/\/excellent.rodrigozuluaga.com\/wp-content\/uploads\/2024\/01\/servicio-gestion.png\" \/>\n<meta name=\"twitter:card\" content=\"summary_large_image\" \/>\n<script type=\"application\/ld+json\" class=\"yoast-schema-graph\">{\"@context\":\"https:\\\/\\\/schema.org\",\"@graph\":[{\"@type\":\"WebPage\",\"@id\":\"https:\\\/\\\/excellentmps.com\\\/our-services\\\/payroll-services\",\"url\":\"https:\\\/\\\/excellentmps.com\\\/our-services\\\/payroll-services\",\"name\":\"Payroll Services - Excellent Manpower Services\",\"isPartOf\":{\"@id\":\"https:\\\/\\\/excellentmps.com\\\/#website\"},\"primaryImageOfPage\":{\"@id\":\"https:\\\/\\\/excellentmps.com\\\/our-services\\\/payroll-services#primaryimage\"},\"image\":{\"@id\":\"https:\\\/\\\/excellentmps.com\\\/our-services\\\/payroll-services#primaryimage\"},\"thumbnailUrl\":\"https:\\\/\\\/excellent.rodrigozuluaga.com\\\/wp-content\\\/uploads\\\/2024\\\/01\\\/servicio-gestion.png\",\"datePublished\":\"2024-01-06T16:20:14+00:00\",\"dateModified\":\"2024-01-06T16:26:29+00:00\",\"breadcrumb\":{\"@id\":\"https:\\\/\\\/excellentmps.com\\\/our-services\\\/payroll-services#breadcrumb\"},\"inLanguage\":\"es-CO\",\"potentialAction\":[{\"@type\":\"ReadAction\",\"target\":[\"https:\\\/\\\/excellentmps.com\\\/our-services\\\/payroll-services\"]}]},{\"@type\":\"ImageObject\",\"inLanguage\":\"es-CO\",\"@id\":\"https:\\\/\\\/excellentmps.com\\\/our-services\\\/payroll-services#primaryimage\",\"url\":\"https:\\\/\\\/excellent.rodrigozuluaga.com\\\/wp-content\\\/uploads\\\/2024\\\/01\\\/servicio-gestion.png\",\"contentUrl\":\"https:\\\/\\\/excellent.rodrigozuluaga.com\\\/wp-content\\\/uploads\\\/2024\\\/01\\\/servicio-gestion.png\"},{\"@type\":\"BreadcrumbList\",\"@id\":\"https:\\\/\\\/excellentmps.com\\\/our-services\\\/payroll-services#breadcrumb\",\"itemListElement\":[{\"@type\":\"ListItem\",\"position\":1,\"name\":\"Home\",\"item\":\"https:\\\/\\\/excellentmps.com\\\/\"},{\"@type\":\"ListItem\",\"position\":2,\"name\":\"Our Services\",\"item\":\"https:\\\/\\\/excellentmps.com\\\/our-services\"},{\"@type\":\"ListItem\",\"position\":3,\"name\":\"Payroll Services\"}]},{\"@type\":\"WebSite\",\"@id\":\"https:\\\/\\\/excellentmps.com\\\/#website\",\"url\":\"https:\\\/\\\/excellentmps.com\\\/\",\"name\":\"Excellent Manpower Services\",\"description\":\"\",\"publisher\":{\"@id\":\"https:\\\/\\\/excellentmps.com\\\/#organization\"},\"potentialAction\":[{\"@type\":\"SearchAction\",\"target\":{\"@type\":\"EntryPoint\",\"urlTemplate\":\"https:\\\/\\\/excellentmps.com\\\/?s={search_term_string}\"},\"query-input\":{\"@type\":\"PropertyValueSpecification\",\"valueRequired\":true,\"valueName\":\"search_term_string\"}}],\"inLanguage\":\"es-CO\"},{\"@type\":\"Organization\",\"@id\":\"https:\\\/\\\/excellentmps.com\\\/#organization\",\"name\":\"Excellent Manpower Services\",\"url\":\"https:\\\/\\\/excellentmps.com\\\/\",\"logo\":{\"@type\":\"ImageObject\",\"inLanguage\":\"es-CO\",\"@id\":\"https:\\\/\\\/excellentmps.com\\\/#\\\/schema\\\/logo\\\/image\\\/\",\"url\":\"https:\\\/\\\/excellentmps.com\\\/wp-content\\\/uploads\\\/2024\\\/01\\\/excellent-black-logo.png\",\"contentUrl\":\"https:\\\/\\\/excellentmps.com\\\/wp-content\\\/uploads\\\/2024\\\/01\\\/excellent-black-logo.png\",\"width\":188,\"height\":64,\"caption\":\"Excellent Manpower Services\"},\"image\":{\"@id\":\"https:\\\/\\\/excellentmps.com\\\/#\\\/schema\\\/logo\\\/image\\\/\"}}]}<\/script>\n<!-- \/ Yoast SEO plugin. -->","yoast_head_json":{"title":"Payroll Services - Excellent Manpower Services","robots":{"index":"index","follow":"follow","max-snippet":"max-snippet:-1","max-image-preview":"max-image-preview:large","max-video-preview":"max-video-preview:-1"},"canonical":"https:\/\/excellentmps.com\/es\/our-services\/payroll-services\/","og_locale":"es_ES","og_type":"article","og_title":"Payroll Services - Excellent Manpower Services","og_description":"We support the constant growth of our clients and the achievement of their strategic objectives to improve productivity and efficiency indexes within the organization. Through the identification of the risks inherent in its operations and processes, we help companies to optimize their results through consultancies for the design, support and implementation of certification standards such [&hellip;]","og_url":"https:\/\/excellentmps.com\/es\/our-services\/payroll-services\/","og_site_name":"Excellent Manpower Services","article_modified_time":"2024-01-06T16:26:29+00:00","og_image":[{"url":"https:\/\/excellent.rodrigozuluaga.com\/wp-content\/uploads\/2024\/01\/servicio-gestion.png","type":"","width":"","height":""}],"twitter_card":"summary_large_image","schema":{"@context":"https:\/\/schema.org","@graph":[{"@type":"WebPage","@id":"https:\/\/excellentmps.com\/our-services\/payroll-services","url":"https:\/\/excellentmps.com\/our-services\/payroll-services","name":"Payroll Services - Excellent Manpower Services","isPartOf":{"@id":"https:\/\/excellentmps.com\/#website"},"primaryImageOfPage":{"@id":"https:\/\/excellentmps.com\/our-services\/payroll-services#primaryimage"},"image":{"@id":"https:\/\/excellentmps.com\/our-services\/payroll-services#primaryimage"},"thumbnailUrl":"https:\/\/excellent.rodrigozuluaga.com\/wp-content\/uploads\/2024\/01\/servicio-gestion.png","datePublished":"2024-01-06T16:20:14+00:00","dateModified":"2024-01-06T16:26:29+00:00","breadcrumb":{"@id":"https:\/\/excellentmps.com\/our-services\/payroll-services#breadcrumb"},"inLanguage":"es-CO","potentialAction":[{"@type":"ReadAction","target":["https:\/\/excellentmps.com\/our-services\/payroll-services"]}]},{"@type":"ImageObject","inLanguage":"es-CO","@id":"https:\/\/excellentmps.com\/our-services\/payroll-services#primaryimage","url":"https:\/\/excellent.rodrigozuluaga.com\/wp-content\/uploads\/2024\/01\/servicio-gestion.png","contentUrl":"https:\/\/excellent.rodrigozuluaga.com\/wp-content\/uploads\/2024\/01\/servicio-gestion.png"},{"@type":"BreadcrumbList","@id":"https:\/\/excellentmps.com\/our-services\/payroll-services#breadcrumb","itemListElement":[{"@type":"ListItem","position":1,"name":"Home","item":"https:\/\/excellentmps.com\/"},{"@type":"ListItem","position":2,"name":"Our Services","item":"https:\/\/excellentmps.com\/our-services"},{"@type":"ListItem","position":3,"name":"Payroll Services"}]},{"@type":"WebSite","@id":"https:\/\/excellentmps.com\/#website","url":"https:\/\/excellentmps.com\/","name":"Excellent Manpower Services","description":"","publisher":{"@id":"https:\/\/excellentmps.com\/#organization"},"potentialAction":[{"@type":"SearchAction","target":{"@type":"EntryPoint","urlTemplate":"https:\/\/excellentmps.com\/?s={search_term_string}"},"query-input":{"@type":"PropertyValueSpecification","valueRequired":true,"valueName":"search_term_string"}}],"inLanguage":"es-CO"},{"@type":"Organization","@id":"https:\/\/excellentmps.com\/#organization","name":"Excellent Manpower Services","url":"https:\/\/excellentmps.com\/","logo":{"@type":"ImageObject","inLanguage":"es-CO","@id":"https:\/\/excellentmps.com\/#\/schema\/logo\/image\/","url":"https:\/\/excellentmps.com\/wp-content\/uploads\/2024\/01\/excellent-black-logo.png","contentUrl":"https:\/\/excellentmps.com\/wp-content\/uploads\/2024\/01\/excellent-black-logo.png","width":188,"height":64,"caption":"Excellent Manpower Services"},"image":{"@id":"https:\/\/excellentmps.com\/#\/schema\/logo\/image\/"}}]}},"_links":{"self":[{"href":"https:\/\/excellentmps.com\/es\/wp-json\/wp\/v2\/pages\/279","targetHints":{"allow":["GET"]}}],"collection":[{"href":"https:\/\/excellentmps.com\/es\/wp-json\/wp\/v2\/pages"}],"about":[{"href":"https:\/\/excellentmps.com\/es\/wp-json\/wp\/v2\/types\/page"}],"author":[{"embeddable":true,"href":"https:\/\/excellentmps.com\/es\/wp-json\/wp\/v2\/users\/1"}],"replies":[{"embeddable":true,"href":"https:\/\/excellentmps.com\/es\/wp-json\/wp\/v2\/comments?post=279"}],"version-history":[{"count":0,"href":"https:\/\/excellentmps.com\/es\/wp-json\/wp\/v2\/pages\/279\/revisions"}],"up":[{"embeddable":true,"href":"https:\/\/excellentmps.com\/es\/wp-json\/wp\/v2\/pages\/218"}],"wp:attachment":[{"href":"https:\/\/excellentmps.com\/es\/wp-json\/wp\/v2\/media?parent=279"}],"curies":[{"name":"wp","href":"https:\/\/api.w.org\/{rel}","templated":true}]}}