{"id":271,"date":"2024-01-06T16:17:45","date_gmt":"2024-01-06T16:17:45","guid":{"rendered":"https:\/\/excellent.rodrigozuluaga.com\/?page_id=271"},"modified":"2024-05-21T22:21:02","modified_gmt":"2024-05-21T22:21:02","slug":"temporary-workers","status":"publish","type":"page","link":"https:\/\/excellentmps.com\/es\/our-services\/temporary-workers","title":{"rendered":"Trabajadores temporales"},"content":{"rendered":"<div data-elementor-type=\"wp-page\" data-elementor-id=\"271\" class=\"elementor elementor-271\" data-elementor-post-type=\"page\">\n\t\t\t\t<div class=\"elementor-element elementor-element-f389cfc e-con-full e-flex e-con e-parent\" data-id=\"f389cfc\" data-element_type=\"container\" data-e-type=\"container\">\n\t\t\t\t<div class=\"elementor-element elementor-element-aaf6a9b elementor-widget elementor-widget-template\" data-id=\"aaf6a9b\" data-element_type=\"widget\" data-e-type=\"widget\" data-widget_type=\"template.default\">\n\t\t\t\t<div class=\"elementor-widget-container\">\n\t\t\t\t\t\t\t<div class=\"elementor-template\">\n\t\t\t\t\t<div data-elementor-type=\"section\" data-elementor-id=\"234\" class=\"elementor elementor-234\" data-elementor-post-type=\"elementor_library\">\n\t\t\t<div class=\"elementor-element elementor-element-3408c48 e-flex e-con-boxed e-con e-parent\" data-id=\"3408c48\" data-element_type=\"container\" data-e-type=\"container\" data-settings=\"{&quot;background_background&quot;:&quot;classic&quot;}\">\n\t\t\t\t\t<div class=\"e-con-inner\">\n\t\t\t\t<div class=\"elementor-element elementor-element-36c7803 elementor-widget__width-initial elementor-widget-tablet__width-initial elementor-widget-mobile__width-inherit elementor-widget elementor-widget-jet-listing-dynamic-field\" data-id=\"36c7803\" data-element_type=\"widget\" data-e-type=\"widget\" data-widget_type=\"jet-listing-dynamic-field.default\">\n\t\t\t\t<div class=\"elementor-widget-container\">\n\t\t\t\t\t<div class=\"jet-listing jet-listing-dynamic-field display-inline\"><div class=\"jet-listing-dynamic-field__inline-wrap\"><h1 class=\"jet-listing-dynamic-field__content\" >Trabajadores temporales<\/h1><\/div><\/div>\t\t\t\t<\/div>\n\t\t\t\t<\/div>\n\t\t\t\t\t<\/div>\n\t\t\t\t<\/div>\n\t\t\t\t<\/div>\n\t\t\t\t<\/div>\n\t\t\t\t\t\t<\/div>\n\t\t\t\t<\/div>\n\t\t\t\t<\/div>\n\t\t<div class=\"elementor-element elementor-element-2650530 e-flex e-con-boxed e-con e-parent\" data-id=\"2650530\" data-element_type=\"container\" data-e-type=\"container\">\n\t\t\t\t\t<div class=\"e-con-inner\">\n\t\t<div class=\"elementor-element elementor-element-9fef1d6 e-con-full e-flex e-con e-child\" data-id=\"9fef1d6\" data-element_type=\"container\" data-e-type=\"container\">\n\t\t\t\t<div class=\"elementor-element elementor-element-2f8f272 elementor-widget elementor-widget-image\" data-id=\"2f8f272\" data-element_type=\"widget\" data-e-type=\"widget\" data-widget_type=\"image.default\">\n\t\t\t\t<div class=\"elementor-widget-container\">\n\t\t\t\t\t\t\t\t\t\t\t\t\t\t\t<img fetchpriority=\"high\" decoding=\"async\" width=\"272\" height=\"237\" src=\"https:\/\/excellentmps.com\/wp-content\/uploads\/2024\/01\/formacion-icono-fs8.png\" class=\"attachment-large size-large wp-image-165\" alt=\"\" \/>\t\t\t\t\t\t\t\t\t\t\t\t\t\t\t<\/div>\n\t\t\t\t<\/div>\n\t\t\t\t<\/div>\n\t\t<div class=\"elementor-element elementor-element-4ae83ff e-con-full e-flex e-con e-child\" data-id=\"4ae83ff\" data-element_type=\"container\" data-e-type=\"container\">\n\t\t\t\t<div class=\"elementor-element elementor-element-b2da5ba elementor-widget elementor-widget-text-editor\" data-id=\"b2da5ba\" data-element_type=\"widget\" data-e-type=\"widget\" data-widget_type=\"text-editor.default\">\n\t\t\t\t<div class=\"elementor-widget-container\">\n\t\t\t\t\t\t\t\t\t<p>Cada d\u00eda nos preocupamos por fomentar la eficiencia y la productividad de nuestros empleados mediante la formaci\u00f3n en \u00e1reas de inter\u00e9s y relevancia.<\/p><p>Se realiza un proceso de investigaci\u00f3n, formaci\u00f3n y desarrollo del talento humano en \u00e1reas como: habilidades blandas, fortalecimiento del ser, implementaci\u00f3n de talleres pedag\u00f3gicos, seminarios talleres; adem\u00e1s del dise\u00f1o, formulaci\u00f3n y ejecuci\u00f3n de proyectos educativos.<\/p>\t\t\t\t\t\t\t\t<\/div>\n\t\t\t\t<\/div>\n\t\t\t\t<\/div>\n\t\t\t\t\t<\/div>\n\t\t\t\t<\/div>\n\t\t<div class=\"elementor-element elementor-element-fd386f0 e-flex e-con-boxed e-con e-parent\" data-id=\"fd386f0\" data-element_type=\"container\" data-e-type=\"container\" data-settings=\"{&quot;background_background&quot;:&quot;classic&quot;}\">\n\t\t\t\t\t<div class=\"e-con-inner\">\n\t\t\t\t<div class=\"elementor-element elementor-element-4bd3bdc elementor-widget elementor-widget-heading\" data-id=\"4bd3bdc\" data-element_type=\"widget\" data-e-type=\"widget\" data-widget_type=\"heading.default\">\n\t\t\t\t<div class=\"elementor-widget-container\">\n\t\t\t\t\t<h2 class=\"elementor-heading-title elementor-size-default\">Beneficios<\/h2>\t\t\t\t<\/div>\n\t\t\t\t<\/div>\n\t\t\t\t\t<\/div>\n\t\t\t\t<\/div>\n\t\t\t\t<\/div>","protected":false},"excerpt":{"rendered":"<p>Every day we care about encouraging our employees efficiency and productivity through training areas of interest and relevance. A process of research, training and development of human talent is carried out in areas such as: soft skills, strengthening of the being, implementation of pedagogical workshops, seminars workshops; besides the design, formulation and execution of education [&hellip;]<\/p>\n","protected":false},"author":1,"featured_media":0,"parent":218,"menu_order":0,"comment_status":"closed","ping_status":"closed","template":"","meta":{"footnotes":""},"class_list":["post-271","page","type-page","status-publish","hentry"],"yoast_head":"<!-- This site is optimized with the Yoast SEO plugin v27.3 - https:\/\/yoast.com\/product\/yoast-seo-wordpress\/ -->\n<title>Temporary Workers - Excellent Manpower Services<\/title>\n<meta name=\"robots\" content=\"index, follow, max-snippet:-1, max-image-preview:large, max-video-preview:-1\" \/>\n<link rel=\"canonical\" href=\"https:\/\/excellentmps.com\/es\/our-services\/temporary-workers\/\" \/>\n<meta property=\"og:locale\" content=\"es_ES\" \/>\n<meta property=\"og:type\" content=\"article\" \/>\n<meta property=\"og:title\" content=\"Temporary Workers - Excellent Manpower Services\" \/>\n<meta property=\"og:description\" content=\"Every day we care about encouraging our employees efficiency and productivity through training areas of interest and relevance. A process of research, training and development of human talent is carried out in areas such as: soft skills, strengthening of the being, implementation of pedagogical workshops, seminars workshops; besides the design, formulation and execution of education [&hellip;]\" \/>\n<meta property=\"og:url\" content=\"https:\/\/excellentmps.com\/es\/our-services\/temporary-workers\/\" \/>\n<meta property=\"og:site_name\" content=\"Excellent Manpower Services\" \/>\n<meta property=\"article:modified_time\" content=\"2024-05-21T22:21:02+00:00\" \/>\n<meta property=\"og:image\" content=\"https:\/\/excellent.rodrigozuluaga.com\/wp-content\/uploads\/2024\/01\/formacion-icono-fs8.png\" \/>\n<meta name=\"twitter:card\" content=\"summary_large_image\" \/>\n<meta name=\"twitter:label1\" content=\"Tiempo de lectura\" \/>\n\t<meta name=\"twitter:data1\" content=\"1 minuto\" \/>\n<script type=\"application\/ld+json\" class=\"yoast-schema-graph\">{\"@context\":\"https:\\\/\\\/schema.org\",\"@graph\":[{\"@type\":\"WebPage\",\"@id\":\"https:\\\/\\\/excellentmps.com\\\/our-services\\\/temporary-workers\",\"url\":\"https:\\\/\\\/excellentmps.com\\\/our-services\\\/temporary-workers\",\"name\":\"Temporary Workers - Excellent Manpower Services\",\"isPartOf\":{\"@id\":\"https:\\\/\\\/excellentmps.com\\\/#website\"},\"primaryImageOfPage\":{\"@id\":\"https:\\\/\\\/excellentmps.com\\\/our-services\\\/temporary-workers#primaryimage\"},\"image\":{\"@id\":\"https:\\\/\\\/excellentmps.com\\\/our-services\\\/temporary-workers#primaryimage\"},\"thumbnailUrl\":\"https:\\\/\\\/excellent.rodrigozuluaga.com\\\/wp-content\\\/uploads\\\/2024\\\/01\\\/formacion-icono-fs8.png\",\"datePublished\":\"2024-01-06T16:17:45+00:00\",\"dateModified\":\"2024-05-21T22:21:02+00:00\",\"breadcrumb\":{\"@id\":\"https:\\\/\\\/excellentmps.com\\\/our-services\\\/temporary-workers#breadcrumb\"},\"inLanguage\":\"es-CO\",\"potentialAction\":[{\"@type\":\"ReadAction\",\"target\":[\"https:\\\/\\\/excellentmps.com\\\/our-services\\\/temporary-workers\"]}]},{\"@type\":\"ImageObject\",\"inLanguage\":\"es-CO\",\"@id\":\"https:\\\/\\\/excellentmps.com\\\/our-services\\\/temporary-workers#primaryimage\",\"url\":\"https:\\\/\\\/excellent.rodrigozuluaga.com\\\/wp-content\\\/uploads\\\/2024\\\/01\\\/formacion-icono-fs8.png\",\"contentUrl\":\"https:\\\/\\\/excellent.rodrigozuluaga.com\\\/wp-content\\\/uploads\\\/2024\\\/01\\\/formacion-icono-fs8.png\"},{\"@type\":\"BreadcrumbList\",\"@id\":\"https:\\\/\\\/excellentmps.com\\\/our-services\\\/temporary-workers#breadcrumb\",\"itemListElement\":[{\"@type\":\"ListItem\",\"position\":1,\"name\":\"Home\",\"item\":\"https:\\\/\\\/excellentmps.com\\\/\"},{\"@type\":\"ListItem\",\"position\":2,\"name\":\"Our Services\",\"item\":\"https:\\\/\\\/excellentmps.com\\\/our-services\"},{\"@type\":\"ListItem\",\"position\":3,\"name\":\"Temporary Workers\"}]},{\"@type\":\"WebSite\",\"@id\":\"https:\\\/\\\/excellentmps.com\\\/#website\",\"url\":\"https:\\\/\\\/excellentmps.com\\\/\",\"name\":\"Excellent Manpower Services\",\"description\":\"\",\"publisher\":{\"@id\":\"https:\\\/\\\/excellentmps.com\\\/#organization\"},\"potentialAction\":[{\"@type\":\"SearchAction\",\"target\":{\"@type\":\"EntryPoint\",\"urlTemplate\":\"https:\\\/\\\/excellentmps.com\\\/?s={search_term_string}\"},\"query-input\":{\"@type\":\"PropertyValueSpecification\",\"valueRequired\":true,\"valueName\":\"search_term_string\"}}],\"inLanguage\":\"es-CO\"},{\"@type\":\"Organization\",\"@id\":\"https:\\\/\\\/excellentmps.com\\\/#organization\",\"name\":\"Excellent Manpower Services\",\"url\":\"https:\\\/\\\/excellentmps.com\\\/\",\"logo\":{\"@type\":\"ImageObject\",\"inLanguage\":\"es-CO\",\"@id\":\"https:\\\/\\\/excellentmps.com\\\/#\\\/schema\\\/logo\\\/image\\\/\",\"url\":\"https:\\\/\\\/excellentmps.com\\\/wp-content\\\/uploads\\\/2024\\\/01\\\/excellent-black-logo.png\",\"contentUrl\":\"https:\\\/\\\/excellentmps.com\\\/wp-content\\\/uploads\\\/2024\\\/01\\\/excellent-black-logo.png\",\"width\":188,\"height\":64,\"caption\":\"Excellent Manpower Services\"},\"image\":{\"@id\":\"https:\\\/\\\/excellentmps.com\\\/#\\\/schema\\\/logo\\\/image\\\/\"}}]}<\/script>\n<!-- \/ Yoast SEO plugin. -->","yoast_head_json":{"title":"Temporary Workers - Excellent Manpower Services","robots":{"index":"index","follow":"follow","max-snippet":"max-snippet:-1","max-image-preview":"max-image-preview:large","max-video-preview":"max-video-preview:-1"},"canonical":"https:\/\/excellentmps.com\/es\/our-services\/temporary-workers\/","og_locale":"es_ES","og_type":"article","og_title":"Temporary Workers - Excellent Manpower Services","og_description":"Every day we care about encouraging our employees efficiency and productivity through training areas of interest and relevance. A process of research, training and development of human talent is carried out in areas such as: soft skills, strengthening of the being, implementation of pedagogical workshops, seminars workshops; besides the design, formulation and execution of education [&hellip;]","og_url":"https:\/\/excellentmps.com\/es\/our-services\/temporary-workers\/","og_site_name":"Excellent Manpower Services","article_modified_time":"2024-05-21T22:21:02+00:00","og_image":[{"url":"https:\/\/excellent.rodrigozuluaga.com\/wp-content\/uploads\/2024\/01\/formacion-icono-fs8.png","type":"","width":"","height":""}],"twitter_card":"summary_large_image","twitter_misc":{"Tiempo de lectura":"1 minuto"},"schema":{"@context":"https:\/\/schema.org","@graph":[{"@type":"WebPage","@id":"https:\/\/excellentmps.com\/our-services\/temporary-workers","url":"https:\/\/excellentmps.com\/our-services\/temporary-workers","name":"Temporary Workers - Excellent Manpower Services","isPartOf":{"@id":"https:\/\/excellentmps.com\/#website"},"primaryImageOfPage":{"@id":"https:\/\/excellentmps.com\/our-services\/temporary-workers#primaryimage"},"image":{"@id":"https:\/\/excellentmps.com\/our-services\/temporary-workers#primaryimage"},"thumbnailUrl":"https:\/\/excellent.rodrigozuluaga.com\/wp-content\/uploads\/2024\/01\/formacion-icono-fs8.png","datePublished":"2024-01-06T16:17:45+00:00","dateModified":"2024-05-21T22:21:02+00:00","breadcrumb":{"@id":"https:\/\/excellentmps.com\/our-services\/temporary-workers#breadcrumb"},"inLanguage":"es-CO","potentialAction":[{"@type":"ReadAction","target":["https:\/\/excellentmps.com\/our-services\/temporary-workers"]}]},{"@type":"ImageObject","inLanguage":"es-CO","@id":"https:\/\/excellentmps.com\/our-services\/temporary-workers#primaryimage","url":"https:\/\/excellent.rodrigozuluaga.com\/wp-content\/uploads\/2024\/01\/formacion-icono-fs8.png","contentUrl":"https:\/\/excellent.rodrigozuluaga.com\/wp-content\/uploads\/2024\/01\/formacion-icono-fs8.png"},{"@type":"BreadcrumbList","@id":"https:\/\/excellentmps.com\/our-services\/temporary-workers#breadcrumb","itemListElement":[{"@type":"ListItem","position":1,"name":"Home","item":"https:\/\/excellentmps.com\/"},{"@type":"ListItem","position":2,"name":"Our Services","item":"https:\/\/excellentmps.com\/our-services"},{"@type":"ListItem","position":3,"name":"Temporary Workers"}]},{"@type":"WebSite","@id":"https:\/\/excellentmps.com\/#website","url":"https:\/\/excellentmps.com\/","name":"Excellent Manpower Services","description":"","publisher":{"@id":"https:\/\/excellentmps.com\/#organization"},"potentialAction":[{"@type":"SearchAction","target":{"@type":"EntryPoint","urlTemplate":"https:\/\/excellentmps.com\/?s={search_term_string}"},"query-input":{"@type":"PropertyValueSpecification","valueRequired":true,"valueName":"search_term_string"}}],"inLanguage":"es-CO"},{"@type":"Organization","@id":"https:\/\/excellentmps.com\/#organization","name":"Excellent Manpower Services","url":"https:\/\/excellentmps.com\/","logo":{"@type":"ImageObject","inLanguage":"es-CO","@id":"https:\/\/excellentmps.com\/#\/schema\/logo\/image\/","url":"https:\/\/excellentmps.com\/wp-content\/uploads\/2024\/01\/excellent-black-logo.png","contentUrl":"https:\/\/excellentmps.com\/wp-content\/uploads\/2024\/01\/excellent-black-logo.png","width":188,"height":64,"caption":"Excellent Manpower Services"},"image":{"@id":"https:\/\/excellentmps.com\/#\/schema\/logo\/image\/"}}]}},"_links":{"self":[{"href":"https:\/\/excellentmps.com\/es\/wp-json\/wp\/v2\/pages\/271","targetHints":{"allow":["GET"]}}],"collection":[{"href":"https:\/\/excellentmps.com\/es\/wp-json\/wp\/v2\/pages"}],"about":[{"href":"https:\/\/excellentmps.com\/es\/wp-json\/wp\/v2\/types\/page"}],"author":[{"embeddable":true,"href":"https:\/\/excellentmps.com\/es\/wp-json\/wp\/v2\/users\/1"}],"replies":[{"embeddable":true,"href":"https:\/\/excellentmps.com\/es\/wp-json\/wp\/v2\/comments?post=271"}],"version-history":[{"count":0,"href":"https:\/\/excellentmps.com\/es\/wp-json\/wp\/v2\/pages\/271\/revisions"}],"up":[{"embeddable":true,"href":"https:\/\/excellentmps.com\/es\/wp-json\/wp\/v2\/pages\/218"}],"wp:attachment":[{"href":"https:\/\/excellentmps.com\/es\/wp-json\/wp\/v2\/media?parent=271"}],"curies":[{"name":"wp","href":"https:\/\/api.w.org\/{rel}","templated":true}]}}