{"id":218,"date":"2024-01-06T15:29:57","date_gmt":"2024-01-06T15:29:57","guid":{"rendered":"https:\/\/excellent.rodrigozuluaga.com\/?page_id=218"},"modified":"2024-01-08T14:20:06","modified_gmt":"2024-01-08T14:20:06","slug":"our-services","status":"publish","type":"page","link":"https:\/\/excellentmps.com\/es\/our-services","title":{"rendered":"Nuestros servicios"},"content":{"rendered":"<div data-elementor-type=\"wp-page\" data-elementor-id=\"218\" class=\"elementor elementor-218\" data-elementor-post-type=\"page\">\n\t\t\t\t<div class=\"elementor-element elementor-element-9c185f5 e-flex e-con-boxed e-con e-parent\" data-id=\"9c185f5\" data-element_type=\"container\" data-e-type=\"container\">\n\t\t\t\t\t<div class=\"e-con-inner\">\n\t\t<div class=\"elementor-element elementor-element-972904f e-con-full e-flex e-con e-child\" data-id=\"972904f\" data-element_type=\"container\" data-e-type=\"container\">\n\t\t\t\t<div class=\"elementor-element elementor-element-ab4d6d4 elementor-widget elementor-widget-text-editor\" data-id=\"ab4d6d4\" data-element_type=\"widget\" data-e-type=\"widget\" data-widget_type=\"text-editor.default\">\n\t\t\t\t<div class=\"elementor-widget-container\">\n\t\t\t\t\t\t\t\t\t<p class=\"translation-block\">Somos m\u00e1s que una<strong> oportunidad de trabajo<\/strong> ...<\/p><p class=\"translation-block\">Juntos <strong>construiremos tu futuro<\/strong>.<\/strong><\/p>\t\t\t\t\t\t\t\t<\/div>\n\t\t\t\t<\/div>\n\t\t\t\t<div class=\"elementor-element elementor-element-3e00c60 elementor-widget__width-initial elementor-widget elementor-widget-text-editor\" data-id=\"3e00c60\" data-element_type=\"widget\" data-e-type=\"widget\" data-widget_type=\"text-editor.default\">\n\t\t\t\t<div class=\"elementor-widget-container\">\n\t\t\t\t\t\t\t\t\t<p>Con personal cualificado, agilizamos los procesos de su empresa.<\/p><p>Entendemos la formaci\u00f3n como una herramienta de crecimiento.<\/p>\t\t\t\t\t\t\t\t<\/div>\n\t\t\t\t<\/div>\n\t\t\t\t<\/div>\n\t\t\t\t\t<\/div>\n\t\t\t\t<\/div>\n\t\t<div class=\"elementor-element elementor-element-2498234 e-flex e-con-boxed e-con e-parent\" data-id=\"2498234\" data-element_type=\"container\" data-e-type=\"container\">\n\t\t\t\t\t<div class=\"e-con-inner\">\n\t\t<div class=\"elementor-element elementor-element-d5b68fd e-con-full e-flex e-con e-child\" data-id=\"d5b68fd\" data-element_type=\"container\" data-e-type=\"container\">\n\t\t\t\t<div class=\"elementor-element elementor-element-ea21b23 elementor-position-top elementor-widget elementor-widget-image-box\" data-id=\"ea21b23\" data-element_type=\"widget\" data-e-type=\"widget\" data-widget_type=\"image-box.default\">\n\t\t\t\t<div class=\"elementor-widget-container\">\n\t\t\t\t\t<div class=\"elementor-image-box-wrapper\"><figure class=\"elementor-image-box-img\"><img fetchpriority=\"high\" decoding=\"async\" width=\"272\" height=\"237\" src=\"https:\/\/excellentmps.com\/wp-content\/uploads\/2024\/01\/servicio-talento-humano.png\" class=\"attachment-full size-full wp-image-163\" alt=\"\" \/><\/figure><div class=\"elementor-image-box-content\"><h3 class=\"elementor-image-box-title\">Servicios de contrataci\u00f3n<\/h3><p class=\"elementor-image-box-description\">Conocemos la dificultad de encontrar al candidato adecuado. Hemos establecido un minucioso proceso de contrataci\u00f3n para respaldar la calidad del servicio de su empresa.<\/p><\/div><\/div>\t\t\t\t<\/div>\n\t\t\t\t<\/div>\n\t\t\t\t<div class=\"elementor-element elementor-element-3d7794e elementor-widget elementor-widget-button\" data-id=\"3d7794e\" data-element_type=\"widget\" data-e-type=\"widget\" data-widget_type=\"button.default\">\n\t\t\t\t<div class=\"elementor-widget-container\">\n\t\t\t\t\t\t\t\t\t<div class=\"elementor-button-wrapper\">\n\t\t\t\t\t<a class=\"elementor-button elementor-button-link elementor-size-sm\" href=\"https:\/\/excellentmps.com\/es\/our-services\/recruiting-services\">\n\t\t\t\t\t\t<span class=\"elementor-button-content-wrapper\">\n\t\t\t\t\t\t<span class=\"elementor-button-icon\">\n\t\t\t\t<svg aria-hidden=\"true\" class=\"e-font-icon-svg e-far-arrow-alt-circle-right\" viewbox=\"0 0 512 512\" xmlns=\"http:\/\/www.w3.org\/2000\/svg\"><path d=\"M504 256C504 119 393 8 256 8S8 119 8 256s111 248 248 248 248-111 248-248zm-448 0c0-110.5 89.5-200 200-200s200 89.5 200 200-89.5 200-200 200S56 366.5 56 256zm72 20v-40c0-6.6 5.4-12 12-12h116v-67c0-10.7 12.9-16 20.5-8.5l99 99c4.7 4.7 4.7 12.3 0 17l-99 99c-7.6 7.6-20.5 2.2-20.5-8.5v-67H140c-6.6 0-12-5.4-12-12z\"><\/path><\/svg>\t\t\t<\/span>\n\t\t\t\t\t\t\t\t\t<span class=\"elementor-button-text\">Leer M\u00e1s<\/span>\n\t\t\t\t\t<\/span>\n\t\t\t\t\t<\/a>\n\t\t\t\t<\/div>\n\t\t\t\t\t\t\t\t<\/div>\n\t\t\t\t<\/div>\n\t\t\t\t<\/div>\n\t\t<div class=\"elementor-element elementor-element-bad734e e-con-full e-flex e-con e-child\" data-id=\"bad734e\" data-element_type=\"container\" data-e-type=\"container\">\n\t\t\t\t<div class=\"elementor-element elementor-element-802ef23 elementor-position-top elementor-widget elementor-widget-image-box\" data-id=\"802ef23\" data-element_type=\"widget\" data-e-type=\"widget\" data-widget_type=\"image-box.default\">\n\t\t\t\t<div class=\"elementor-widget-container\">\n\t\t\t\t\t<div class=\"elementor-image-box-wrapper\"><figure class=\"elementor-image-box-img\"><img decoding=\"async\" width=\"272\" height=\"237\" src=\"https:\/\/excellentmps.com\/wp-content\/uploads\/2024\/01\/formacion-icono-fs8.png\" class=\"attachment-full size-full wp-image-165\" alt=\"\" \/><\/figure><div class=\"elementor-image-box-content\"><h3 class=\"elementor-image-box-title\">Trabajadores temporales<\/h3><p class=\"elementor-image-box-description\">Cada empresa tiene necesidades diferentes en cada departamento. Ofrecemos personal cualificado para adaptarse a sus especificidades y ayudar a su Organizaci\u00f3n a alcanzar sus objetivos.<\/p><\/div><\/div>\t\t\t\t<\/div>\n\t\t\t\t<\/div>\n\t\t\t\t<div class=\"elementor-element elementor-element-b2f1e1e elementor-widget elementor-widget-button\" data-id=\"b2f1e1e\" data-element_type=\"widget\" data-e-type=\"widget\" data-widget_type=\"button.default\">\n\t\t\t\t<div class=\"elementor-widget-container\">\n\t\t\t\t\t\t\t\t\t<div class=\"elementor-button-wrapper\">\n\t\t\t\t\t<a class=\"elementor-button elementor-button-link elementor-size-sm\" href=\"https:\/\/excellentmps.com\/es\/our-services\/temporary-workers\">\n\t\t\t\t\t\t<span class=\"elementor-button-content-wrapper\">\n\t\t\t\t\t\t<span class=\"elementor-button-icon\">\n\t\t\t\t<svg aria-hidden=\"true\" class=\"e-font-icon-svg e-far-arrow-alt-circle-right\" viewbox=\"0 0 512 512\" xmlns=\"http:\/\/www.w3.org\/2000\/svg\"><path d=\"M504 256C504 119 393 8 256 8S8 119 8 256s111 248 248 248 248-111 248-248zm-448 0c0-110.5 89.5-200 200-200s200 89.5 200 200-89.5 200-200 200S56 366.5 56 256zm72 20v-40c0-6.6 5.4-12 12-12h116v-67c0-10.7 12.9-16 20.5-8.5l99 99c4.7 4.7 4.7 12.3 0 17l-99 99c-7.6 7.6-20.5 2.2-20.5-8.5v-67H140c-6.6 0-12-5.4-12-12z\"><\/path><\/svg>\t\t\t<\/span>\n\t\t\t\t\t\t\t\t\t<span class=\"elementor-button-text\">Leer M\u00e1s<\/span>\n\t\t\t\t\t<\/span>\n\t\t\t\t\t<\/a>\n\t\t\t\t<\/div>\n\t\t\t\t\t\t\t\t<\/div>\n\t\t\t\t<\/div>\n\t\t\t\t<\/div>\n\t\t<div class=\"elementor-element elementor-element-b8e9dba e-con-full e-flex e-con e-child\" data-id=\"b8e9dba\" data-element_type=\"container\" data-e-type=\"container\">\n\t\t\t\t<div class=\"elementor-element elementor-element-85d45ba elementor-position-top elementor-widget elementor-widget-image-box\" data-id=\"85d45ba\" data-element_type=\"widget\" data-e-type=\"widget\" data-widget_type=\"image-box.default\">\n\t\t\t\t<div class=\"elementor-widget-container\">\n\t\t\t\t\t<div class=\"elementor-image-box-wrapper\"><figure class=\"elementor-image-box-img\"><img decoding=\"async\" width=\"272\" height=\"237\" src=\"https:\/\/excellentmps.com\/wp-content\/uploads\/2024\/01\/servicio-gestion.png\" class=\"attachment-full size-full wp-image-164\" alt=\"\" \/><\/figure><div class=\"elementor-image-box-content\"><h3 class=\"elementor-image-box-title\">Servicios de n\u00f3mina<\/h3><p class=\"elementor-image-box-description\">Ofrecemos nuestros servicios de gesti\u00f3n de n\u00f3minas a nuestros clientes.<\/p><\/div><\/div>\t\t\t\t<\/div>\n\t\t\t\t<\/div>\n\t\t\t\t<div class=\"elementor-element elementor-element-7370bdb elementor-widget elementor-widget-button\" data-id=\"7370bdb\" data-element_type=\"widget\" data-e-type=\"widget\" data-widget_type=\"button.default\">\n\t\t\t\t<div class=\"elementor-widget-container\">\n\t\t\t\t\t\t\t\t\t<div class=\"elementor-button-wrapper\">\n\t\t\t\t\t<a class=\"elementor-button elementor-button-link elementor-size-sm\" href=\"https:\/\/excellentmps.com\/es\/our-services\/payroll-services\">\n\t\t\t\t\t\t<span class=\"elementor-button-content-wrapper\">\n\t\t\t\t\t\t<span class=\"elementor-button-icon\">\n\t\t\t\t<svg aria-hidden=\"true\" class=\"e-font-icon-svg e-far-arrow-alt-circle-right\" viewbox=\"0 0 512 512\" xmlns=\"http:\/\/www.w3.org\/2000\/svg\"><path d=\"M504 256C504 119 393 8 256 8S8 119 8 256s111 248 248 248 248-111 248-248zm-448 0c0-110.5 89.5-200 200-200s200 89.5 200 200-89.5 200-200 200S56 366.5 56 256zm72 20v-40c0-6.6 5.4-12 12-12h116v-67c0-10.7 12.9-16 20.5-8.5l99 99c4.7 4.7 4.7 12.3 0 17l-99 99c-7.6 7.6-20.5 2.2-20.5-8.5v-67H140c-6.6 0-12-5.4-12-12z\"><\/path><\/svg>\t\t\t<\/span>\n\t\t\t\t\t\t\t\t\t<span class=\"elementor-button-text\">Leer M\u00e1s<\/span>\n\t\t\t\t\t<\/span>\n\t\t\t\t\t<\/a>\n\t\t\t\t<\/div>\n\t\t\t\t\t\t\t\t<\/div>\n\t\t\t\t<\/div>\n\t\t\t\t<\/div>\n\t\t\t\t\t<\/div>\n\t\t\t\t<\/div>\n\t\t<div class=\"elementor-element elementor-element-e05bf85 e-flex e-con-boxed e-con e-parent\" data-id=\"e05bf85\" data-element_type=\"container\" data-e-type=\"container\" data-settings=\"{&quot;background_background&quot;:&quot;classic&quot;}\">\n\t\t\t\t\t<div class=\"e-con-inner\">\n\t\t\t\t<div class=\"elementor-element elementor-element-5b0ab17 elementor-widget-tablet__width-initial elementor-widget-mobile__width-inherit elementor-widget elementor-widget-text-editor\" data-id=\"5b0ab17\" data-element_type=\"widget\" data-e-type=\"widget\" data-widget_type=\"text-editor.default\">\n\t\t\t\t<div class=\"elementor-widget-container\">\n\t\t\t\t\t\t\t\t\t<p><strong>\u00bfPOR QU\u00c9 TRABAJAR CON EXCELLENT?<\/strong><\/p>\t\t\t\t\t\t\t\t<\/div>\n\t\t\t\t<\/div>\n\t\t\t\t<div class=\"elementor-element elementor-element-3d4f9a3 elementor-widget__width-initial elementor-widget-mobile__width-inherit elementor-widget elementor-widget-text-editor\" data-id=\"3d4f9a3\" data-element_type=\"widget\" data-e-type=\"widget\" data-widget_type=\"text-editor.default\">\n\t\t\t\t<div class=\"elementor-widget-container\">\n\t\t\t\t\t\t\t\t\t<p>Nos preocupamos por incentivar a nuestros colaboradores, capacitando en \u00e1reas de su total inter\u00e9s, y pertinencia, permitiendo as\u00ed una mayor eficiencia y productividad para las empresas, tambi\u00e9n realizamos investigaci\u00f3n, formaci\u00f3n y desarrollo del talento humano, capacitaci\u00f3n en \u00e1reas de habilidades blandas, realizaci\u00f3n de jornadas pedag\u00f3gicas, seminarios, talleres; dise\u00f1o, formulaci\u00f3n y ejecuci\u00f3n de proyectos educativos.<\/p>\t\t\t\t\t\t\t\t<\/div>\n\t\t\t\t<\/div>\n\t\t<div class=\"elementor-element elementor-element-937302e e-flex e-con-boxed e-con e-child\" data-id=\"937302e\" data-element_type=\"container\" data-e-type=\"container\">\n\t\t\t\t\t<div class=\"e-con-inner\">\n\t\t\t\t<div class=\"elementor-element elementor-element-eede28c elementor-widget elementor-widget-button\" data-id=\"eede28c\" data-element_type=\"widget\" data-e-type=\"widget\" data-widget_type=\"button.default\">\n\t\t\t\t<div class=\"elementor-widget-container\">\n\t\t\t\t\t\t\t\t\t<div class=\"elementor-button-wrapper\">\n\t\t\t\t\t<a class=\"elementor-button elementor-button-link elementor-size-sm\" href=\"https:\/\/excellentmps.com\/es\/about-us\/company-processes\">\n\t\t\t\t\t\t<span class=\"elementor-button-content-wrapper\">\n\t\t\t\t\t\t<span class=\"elementor-button-icon\">\n\t\t\t\t<svg aria-hidden=\"true\" class=\"e-font-icon-svg e-far-address-book\" viewbox=\"0 0 448 512\" xmlns=\"http:\/\/www.w3.org\/2000\/svg\"><path d=\"M436 160c6.6 0 12-5.4 12-12v-40c0-6.6-5.4-12-12-12h-20V48c0-26.5-21.5-48-48-48H48C21.5 0 0 21.5 0 48v416c0 26.5 21.5 48 48 48h320c26.5 0 48-21.5 48-48v-48h20c6.6 0 12-5.4 12-12v-40c0-6.6-5.4-12-12-12h-20v-64h20c6.6 0 12-5.4 12-12v-40c0-6.6-5.4-12-12-12h-20v-64h20zm-68 304H48V48h320v416zM208 256c35.3 0 64-28.7 64-64s-28.7-64-64-64-64 28.7-64 64 28.7 64 64 64zm-89.6 128h179.2c12.4 0 22.4-8.6 22.4-19.2v-19.2c0-31.8-30.1-57.6-67.2-57.6-10.8 0-18.7 8-44.8 8-26.9 0-33.4-8-44.8-8-37.1 0-67.2 25.8-67.2 57.6v19.2c0 10.6 10 19.2 22.4 19.2z\"><\/path><\/svg>\t\t\t<\/span>\n\t\t\t\t\t\t\t\t\t<span class=\"elementor-button-text\">Leer M\u00e1s<\/span>\n\t\t\t\t\t<\/span>\n\t\t\t\t\t<\/a>\n\t\t\t\t<\/div>\n\t\t\t\t\t\t\t\t<\/div>\n\t\t\t\t<\/div>\n\t\t\t\t<div class=\"elementor-element elementor-element-d125da7 elementor-widget elementor-widget-button\" data-id=\"d125da7\" data-element_type=\"widget\" data-e-type=\"widget\" data-widget_type=\"button.default\">\n\t\t\t\t<div class=\"elementor-widget-container\">\n\t\t\t\t\t\t\t\t\t<div class=\"elementor-button-wrapper\">\n\t\t\t\t\t<a class=\"elementor-button elementor-button-link elementor-size-sm\" href=\"https:\/\/excellentmps.com\/es\/job-openings\">\n\t\t\t\t\t\t<span class=\"elementor-button-content-wrapper\">\n\t\t\t\t\t\t<span class=\"elementor-button-icon\">\n\t\t\t\t<svg aria-hidden=\"true\" class=\"e-font-icon-svg e-fas-shopping-bag\" viewbox=\"0 0 448 512\" xmlns=\"http:\/\/www.w3.org\/2000\/svg\"><path d=\"M352 160v-32C352 57.42 294.579 0 224 0 153.42 0 96 57.42 96 128v32H0v272c0 44.183 35.817 80 80 80h288c44.183 0 80-35.817 80-80V160h-96zm-192-32c0-35.29 28.71-64 64-64s64 28.71 64 64v32H160v-32zm160 120c-13.255 0-24-10.745-24-24s10.745-24 24-24 24 10.745 24 24-10.745 24-24 24zm-192 0c-13.255 0-24-10.745-24-24s10.745-24 24-24 24 10.745 24 24-10.745 24-24 24z\"><\/path><\/svg>\t\t\t<\/span>\n\t\t\t\t\t\t\t\t\t<span class=\"elementor-button-text\">Puestos disponibles<\/span>\n\t\t\t\t\t<\/span>\n\t\t\t\t\t<\/a>\n\t\t\t\t<\/div>\n\t\t\t\t\t\t\t\t<\/div>\n\t\t\t\t<\/div>\n\t\t\t\t<div class=\"elementor-element elementor-element-60a24ac elementor-widget elementor-widget-button\" data-id=\"60a24ac\" data-element_type=\"widget\" data-e-type=\"widget\" data-widget_type=\"button.default\">\n\t\t\t\t<div class=\"elementor-widget-container\">\n\t\t\t\t\t\t\t\t\t<div class=\"elementor-button-wrapper\">\n\t\t\t\t\t<a class=\"elementor-button elementor-button-link elementor-size-sm\" href=\"https:\/\/excellentmps.com\/es\/about-us\/values\">\n\t\t\t\t\t\t<span class=\"elementor-button-content-wrapper\">\n\t\t\t\t\t\t<span class=\"elementor-button-icon\">\n\t\t\t\t<svg aria-hidden=\"true\" class=\"e-font-icon-svg e-fas-user-friends\" viewbox=\"0 0 640 512\" xmlns=\"http:\/\/www.w3.org\/2000\/svg\"><path d=\"M192 256c61.9 0 112-50.1 112-112S253.9 32 192 32 80 82.1 80 144s50.1 112 112 112zm76.8 32h-8.3c-20.8 10-43.9 16-68.5 16s-47.6-6-68.5-16h-8.3C51.6 288 0 339.6 0 403.2V432c0 26.5 21.5 48 48 48h288c26.5 0 48-21.5 48-48v-28.8c0-63.6-51.6-115.2-115.2-115.2zM480 256c53 0 96-43 96-96s-43-96-96-96-96 43-96 96 43 96 96 96zm48 32h-3.8c-13.9 4.8-28.6 8-44.2 8s-30.3-3.2-44.2-8H432c-20.4 0-39.2 5.9-55.7 15.4 24.4 26.3 39.7 61.2 39.7 99.8v38.4c0 2.2-.5 4.3-.6 6.4H592c26.5 0 48-21.5 48-48 0-61.9-50.1-112-112-112z\"><\/path><\/svg>\t\t\t<\/span>\n\t\t\t\t\t\t\t\t\t<span class=\"elementor-button-text\">Valores de Excellent MPS<\/span>\n\t\t\t\t\t<\/span>\n\t\t\t\t\t<\/a>\n\t\t\t\t<\/div>\n\t\t\t\t\t\t\t\t<\/div>\n\t\t\t\t<\/div>\n\t\t\t\t\t<\/div>\n\t\t\t\t<\/div>\n\t\t\t\t\t<\/div>\n\t\t\t\t<\/div>\n\t\t\t\t<\/div>","protected":false},"excerpt":{"rendered":"<p>We are more than a\u00a0job opportunity \u2026 We\u00a0build your future\u00a0together. With qualified personnel, we streamline the processes of your company. We see training as a tool for growth. Recruiting Services Knowing the difficulty of finding the right candidate. We have established a thorough process for recruitment\u00a0 to support your company quality of service. Read More [&hellip;]<\/p>\n","protected":false},"author":1,"featured_media":0,"parent":0,"menu_order":0,"comment_status":"closed","ping_status":"closed","template":"","meta":{"footnotes":""},"class_list":["post-218","page","type-page","status-publish","hentry"],"yoast_head":"<!-- This site is optimized with the Yoast SEO plugin v27.3 - https:\/\/yoast.com\/product\/yoast-seo-wordpress\/ -->\n<title>Our Services - Excellent Manpower Services<\/title>\n<meta name=\"robots\" content=\"index, follow, max-snippet:-1, max-image-preview:large, max-video-preview:-1\" \/>\n<link rel=\"canonical\" href=\"https:\/\/excellentmps.com\/es\/our-services\/\" \/>\n<meta property=\"og:locale\" content=\"es_ES\" \/>\n<meta property=\"og:type\" content=\"article\" \/>\n<meta property=\"og:title\" content=\"Our Services - Excellent Manpower Services\" \/>\n<meta property=\"og:description\" content=\"We are more than a\u00a0job opportunity \u2026 We\u00a0build your future\u00a0together. With qualified personnel, we streamline the processes of your company. We see training as a tool for growth. Recruiting Services Knowing the difficulty of finding the right candidate. We have established a thorough process for recruitment\u00a0 to support your company quality of service. Read More [&hellip;]\" \/>\n<meta property=\"og:url\" content=\"https:\/\/excellentmps.com\/es\/our-services\/\" \/>\n<meta property=\"og:site_name\" content=\"Excellent Manpower Services\" \/>\n<meta property=\"article:modified_time\" content=\"2024-01-08T14:20:06+00:00\" \/>\n<meta property=\"og:image\" content=\"https:\/\/excellentmps.com\/wp-content\/uploads\/2024\/01\/servicio-talento-humano.png\" \/>\n<meta name=\"twitter:card\" content=\"summary_large_image\" \/>\n<meta name=\"twitter:label1\" content=\"Tiempo de lectura\" \/>\n\t<meta name=\"twitter:data1\" content=\"2 minutos\" \/>\n<script type=\"application\/ld+json\" class=\"yoast-schema-graph\">{\"@context\":\"https:\\\/\\\/schema.org\",\"@graph\":[{\"@type\":\"WebPage\",\"@id\":\"https:\\\/\\\/excellentmps.com\\\/our-services\",\"url\":\"https:\\\/\\\/excellentmps.com\\\/our-services\",\"name\":\"Our Services - Excellent Manpower Services\",\"isPartOf\":{\"@id\":\"https:\\\/\\\/excellentmps.com\\\/#website\"},\"primaryImageOfPage\":{\"@id\":\"https:\\\/\\\/excellentmps.com\\\/our-services#primaryimage\"},\"image\":{\"@id\":\"https:\\\/\\\/excellentmps.com\\\/our-services#primaryimage\"},\"thumbnailUrl\":\"https:\\\/\\\/excellentmps.com\\\/wp-content\\\/uploads\\\/2024\\\/01\\\/servicio-talento-humano.png\",\"datePublished\":\"2024-01-06T15:29:57+00:00\",\"dateModified\":\"2024-01-08T14:20:06+00:00\",\"breadcrumb\":{\"@id\":\"https:\\\/\\\/excellentmps.com\\\/our-services#breadcrumb\"},\"inLanguage\":\"es-CO\",\"potentialAction\":[{\"@type\":\"ReadAction\",\"target\":[\"https:\\\/\\\/excellentmps.com\\\/our-services\"]}]},{\"@type\":\"ImageObject\",\"inLanguage\":\"es-CO\",\"@id\":\"https:\\\/\\\/excellentmps.com\\\/our-services#primaryimage\",\"url\":\"https:\\\/\\\/excellentmps.com\\\/wp-content\\\/uploads\\\/2024\\\/01\\\/servicio-talento-humano.png\",\"contentUrl\":\"https:\\\/\\\/excellentmps.com\\\/wp-content\\\/uploads\\\/2024\\\/01\\\/servicio-talento-humano.png\"},{\"@type\":\"BreadcrumbList\",\"@id\":\"https:\\\/\\\/excellentmps.com\\\/our-services#breadcrumb\",\"itemListElement\":[{\"@type\":\"ListItem\",\"position\":1,\"name\":\"Home\",\"item\":\"https:\\\/\\\/excellentmps.com\\\/\"},{\"@type\":\"ListItem\",\"position\":2,\"name\":\"Our Services\"}]},{\"@type\":\"WebSite\",\"@id\":\"https:\\\/\\\/excellentmps.com\\\/#website\",\"url\":\"https:\\\/\\\/excellentmps.com\\\/\",\"name\":\"Excellent Manpower Services\",\"description\":\"\",\"publisher\":{\"@id\":\"https:\\\/\\\/excellentmps.com\\\/#organization\"},\"potentialAction\":[{\"@type\":\"SearchAction\",\"target\":{\"@type\":\"EntryPoint\",\"urlTemplate\":\"https:\\\/\\\/excellentmps.com\\\/?s={search_term_string}\"},\"query-input\":{\"@type\":\"PropertyValueSpecification\",\"valueRequired\":true,\"valueName\":\"search_term_string\"}}],\"inLanguage\":\"es-CO\"},{\"@type\":\"Organization\",\"@id\":\"https:\\\/\\\/excellentmps.com\\\/#organization\",\"name\":\"Excellent Manpower Services\",\"url\":\"https:\\\/\\\/excellentmps.com\\\/\",\"logo\":{\"@type\":\"ImageObject\",\"inLanguage\":\"es-CO\",\"@id\":\"https:\\\/\\\/excellentmps.com\\\/#\\\/schema\\\/logo\\\/image\\\/\",\"url\":\"https:\\\/\\\/excellentmps.com\\\/wp-content\\\/uploads\\\/2024\\\/01\\\/excellent-black-logo.png\",\"contentUrl\":\"https:\\\/\\\/excellentmps.com\\\/wp-content\\\/uploads\\\/2024\\\/01\\\/excellent-black-logo.png\",\"width\":188,\"height\":64,\"caption\":\"Excellent Manpower Services\"},\"image\":{\"@id\":\"https:\\\/\\\/excellentmps.com\\\/#\\\/schema\\\/logo\\\/image\\\/\"}}]}<\/script>\n<!-- \/ Yoast SEO plugin. -->","yoast_head_json":{"title":"Our Services - Excellent Manpower Services","robots":{"index":"index","follow":"follow","max-snippet":"max-snippet:-1","max-image-preview":"max-image-preview:large","max-video-preview":"max-video-preview:-1"},"canonical":"https:\/\/excellentmps.com\/es\/our-services\/","og_locale":"es_ES","og_type":"article","og_title":"Our Services - Excellent Manpower Services","og_description":"We are more than a\u00a0job opportunity \u2026 We\u00a0build your future\u00a0together. With qualified personnel, we streamline the processes of your company. We see training as a tool for growth. Recruiting Services Knowing the difficulty of finding the right candidate. We have established a thorough process for recruitment\u00a0 to support your company quality of service. Read More [&hellip;]","og_url":"https:\/\/excellentmps.com\/es\/our-services\/","og_site_name":"Excellent Manpower Services","article_modified_time":"2024-01-08T14:20:06+00:00","og_image":[{"url":"https:\/\/excellentmps.com\/wp-content\/uploads\/2024\/01\/servicio-talento-humano.png","type":"","width":"","height":""}],"twitter_card":"summary_large_image","twitter_misc":{"Tiempo de lectura":"2 minutos"},"schema":{"@context":"https:\/\/schema.org","@graph":[{"@type":"WebPage","@id":"https:\/\/excellentmps.com\/our-services","url":"https:\/\/excellentmps.com\/our-services","name":"Our Services - Excellent Manpower Services","isPartOf":{"@id":"https:\/\/excellentmps.com\/#website"},"primaryImageOfPage":{"@id":"https:\/\/excellentmps.com\/our-services#primaryimage"},"image":{"@id":"https:\/\/excellentmps.com\/our-services#primaryimage"},"thumbnailUrl":"https:\/\/excellentmps.com\/wp-content\/uploads\/2024\/01\/servicio-talento-humano.png","datePublished":"2024-01-06T15:29:57+00:00","dateModified":"2024-01-08T14:20:06+00:00","breadcrumb":{"@id":"https:\/\/excellentmps.com\/our-services#breadcrumb"},"inLanguage":"es-CO","potentialAction":[{"@type":"ReadAction","target":["https:\/\/excellentmps.com\/our-services"]}]},{"@type":"ImageObject","inLanguage":"es-CO","@id":"https:\/\/excellentmps.com\/our-services#primaryimage","url":"https:\/\/excellentmps.com\/wp-content\/uploads\/2024\/01\/servicio-talento-humano.png","contentUrl":"https:\/\/excellentmps.com\/wp-content\/uploads\/2024\/01\/servicio-talento-humano.png"},{"@type":"BreadcrumbList","@id":"https:\/\/excellentmps.com\/our-services#breadcrumb","itemListElement":[{"@type":"ListItem","position":1,"name":"Home","item":"https:\/\/excellentmps.com\/"},{"@type":"ListItem","position":2,"name":"Our Services"}]},{"@type":"WebSite","@id":"https:\/\/excellentmps.com\/#website","url":"https:\/\/excellentmps.com\/","name":"Excellent Manpower Services","description":"","publisher":{"@id":"https:\/\/excellentmps.com\/#organization"},"potentialAction":[{"@type":"SearchAction","target":{"@type":"EntryPoint","urlTemplate":"https:\/\/excellentmps.com\/?s={search_term_string}"},"query-input":{"@type":"PropertyValueSpecification","valueRequired":true,"valueName":"search_term_string"}}],"inLanguage":"es-CO"},{"@type":"Organization","@id":"https:\/\/excellentmps.com\/#organization","name":"Excellent Manpower Services","url":"https:\/\/excellentmps.com\/","logo":{"@type":"ImageObject","inLanguage":"es-CO","@id":"https:\/\/excellentmps.com\/#\/schema\/logo\/image\/","url":"https:\/\/excellentmps.com\/wp-content\/uploads\/2024\/01\/excellent-black-logo.png","contentUrl":"https:\/\/excellentmps.com\/wp-content\/uploads\/2024\/01\/excellent-black-logo.png","width":188,"height":64,"caption":"Excellent Manpower Services"},"image":{"@id":"https:\/\/excellentmps.com\/#\/schema\/logo\/image\/"}}]}},"_links":{"self":[{"href":"https:\/\/excellentmps.com\/es\/wp-json\/wp\/v2\/pages\/218","targetHints":{"allow":["GET"]}}],"collection":[{"href":"https:\/\/excellentmps.com\/es\/wp-json\/wp\/v2\/pages"}],"about":[{"href":"https:\/\/excellentmps.com\/es\/wp-json\/wp\/v2\/types\/page"}],"author":[{"embeddable":true,"href":"https:\/\/excellentmps.com\/es\/wp-json\/wp\/v2\/users\/1"}],"replies":[{"embeddable":true,"href":"https:\/\/excellentmps.com\/es\/wp-json\/wp\/v2\/comments?post=218"}],"version-history":[{"count":0,"href":"https:\/\/excellentmps.com\/es\/wp-json\/wp\/v2\/pages\/218\/revisions"}],"wp:attachment":[{"href":"https:\/\/excellentmps.com\/es\/wp-json\/wp\/v2\/media?parent=218"}],"curies":[{"name":"wp","href":"https:\/\/api.w.org\/{rel}","templated":true}]}}