{"id":138,"date":"2024-01-06T15:50:00","date_gmt":"2024-01-06T15:50:00","guid":{"rendered":"https:\/\/excellent.rodrigozuluaga.com\/?page_id=138"},"modified":"2024-05-21T21:57:47","modified_gmt":"2024-05-21T21:57:47","slug":"recruiting-services","status":"publish","type":"page","link":"https:\/\/excellentmps.com\/es\/our-services\/recruiting-services","title":{"rendered":"Servicios de contrataci\u00f3n"},"content":{"rendered":"<div data-elementor-type=\"wp-page\" data-elementor-id=\"138\" class=\"elementor elementor-138\" data-elementor-post-type=\"page\">\n\t\t\t\t<div class=\"elementor-element elementor-element-81061a2 e-con-full e-flex e-con e-parent\" data-id=\"81061a2\" data-element_type=\"container\" data-e-type=\"container\">\n\t\t\t\t<div class=\"elementor-element elementor-element-51ea438 elementor-widget elementor-widget-template\" data-id=\"51ea438\" data-element_type=\"widget\" data-e-type=\"widget\" data-widget_type=\"template.default\">\n\t\t\t\t<div class=\"elementor-widget-container\">\n\t\t\t\t\t\t\t<div class=\"elementor-template\">\n\t\t\t\t\t<div data-elementor-type=\"section\" data-elementor-id=\"234\" class=\"elementor elementor-234\" data-elementor-post-type=\"elementor_library\">\n\t\t\t<div class=\"elementor-element elementor-element-3408c48 e-flex e-con-boxed e-con e-parent\" data-id=\"3408c48\" data-element_type=\"container\" data-e-type=\"container\" data-settings=\"{&quot;background_background&quot;:&quot;classic&quot;}\">\n\t\t\t\t\t<div class=\"e-con-inner\">\n\t\t\t\t<div class=\"elementor-element elementor-element-36c7803 elementor-widget__width-initial elementor-widget-tablet__width-initial elementor-widget-mobile__width-inherit elementor-widget elementor-widget-jet-listing-dynamic-field\" data-id=\"36c7803\" data-element_type=\"widget\" data-e-type=\"widget\" data-widget_type=\"jet-listing-dynamic-field.default\">\n\t\t\t\t<div class=\"elementor-widget-container\">\n\t\t\t\t\t<div class=\"jet-listing jet-listing-dynamic-field display-inline\"><div class=\"jet-listing-dynamic-field__inline-wrap\"><h1 class=\"jet-listing-dynamic-field__content\" >Servicios de contrataci\u00f3n<\/h1><\/div><\/div>\t\t\t\t<\/div>\n\t\t\t\t<\/div>\n\t\t\t\t\t<\/div>\n\t\t\t\t<\/div>\n\t\t\t\t<\/div>\n\t\t\t\t<\/div>\n\t\t\t\t\t\t<\/div>\n\t\t\t\t<\/div>\n\t\t\t\t<\/div>\n\t\t<div class=\"elementor-element elementor-element-2830241 e-flex e-con-boxed e-con e-parent\" data-id=\"2830241\" data-element_type=\"container\" data-e-type=\"container\">\n\t\t\t\t\t<div class=\"e-con-inner\">\n\t\t<div class=\"elementor-element elementor-element-d19e5f0 e-con-full e-flex e-con e-child\" data-id=\"d19e5f0\" data-element_type=\"container\" data-e-type=\"container\">\n\t\t\t\t<div class=\"elementor-element elementor-element-f989d37 elementor-widget elementor-widget-image\" data-id=\"f989d37\" data-element_type=\"widget\" data-e-type=\"widget\" data-widget_type=\"image.default\">\n\t\t\t\t<div class=\"elementor-widget-container\">\n\t\t\t\t\t\t\t\t\t\t\t\t\t\t\t<img fetchpriority=\"high\" decoding=\"async\" width=\"272\" height=\"237\" src=\"https:\/\/excellentmps.com\/wp-content\/uploads\/2024\/01\/servicio-talento-humano.png\" class=\"attachment-large size-large wp-image-163\" alt=\"\" \/>\t\t\t\t\t\t\t\t\t\t\t\t\t\t\t<\/div>\n\t\t\t\t<\/div>\n\t\t\t\t<\/div>\n\t\t<div class=\"elementor-element elementor-element-25ab37b e-con-full e-flex e-con e-child\" data-id=\"25ab37b\" data-element_type=\"container\" data-e-type=\"container\">\n\t\t\t\t<div class=\"elementor-element elementor-element-7480341 elementor-widget elementor-widget-text-editor\" data-id=\"7480341\" data-element_type=\"widget\" data-e-type=\"widget\" data-widget_type=\"text-editor.default\">\n\t\t\t\t<div class=\"elementor-widget-container\">\n\t\t\t\t\t\t\t\t\t<p>En las Empresas existen procesos operativos administrativos que no est\u00e1n orientados a su raz\u00f3n de ser, es por ello que EXCELENTE MPS se convierte en un alivio para las organizaciones en este aspecto.<\/p><p>Estar siempre cerca de un socio comercial le permitir\u00e1 alcanzar los objetivos estrat\u00e9gicos de su empresa, lo que le permitir\u00e1 centrarse en las tecnolog\u00edas de crecimiento, desarrollo e innovaci\u00f3n en su empresa.<\/p><p>EXCELLENT MPS, potencia y contribuye a la gesti\u00f3n de los recursos humanos; de la mano de expertos, buscamos la integraci\u00f3n laboral de todos nuestros empleados, prepar\u00e1ndolos para asumir sus funciones y desempe\u00f1o en la empresa con confianza, conocimiento, pasi\u00f3n y responsabilidad.<\/p>\t\t\t\t\t\t\t\t<\/div>\n\t\t\t\t<\/div>\n\t\t\t\t<\/div>\n\t\t\t\t\t<\/div>\n\t\t\t\t<\/div>\n\t\t<div class=\"elementor-element elementor-element-eda6011 e-flex e-con-boxed e-con e-parent\" data-id=\"eda6011\" data-element_type=\"container\" data-e-type=\"container\">\n\t\t\t\t\t<div class=\"e-con-inner\">\n\t\t<div class=\"elementor-element elementor-element-73c151a e-con-full e-flex e-con e-child\" data-id=\"73c151a\" data-element_type=\"container\" data-e-type=\"container\">\n\t\t\t\t<div class=\"elementor-element elementor-element-c0adfed elementor-position-inline-start elementor-view-default elementor-mobile-position-block-start elementor-widget elementor-widget-icon-box\" data-id=\"c0adfed\" data-element_type=\"widget\" data-e-type=\"widget\" data-widget_type=\"icon-box.default\">\n\t\t\t\t<div class=\"elementor-widget-container\">\n\t\t\t\t\t\t\t<div class=\"elementor-icon-box-wrapper\">\n\n\t\t\t\t\t\t<div class=\"elementor-icon-box-icon\">\n\t\t\t\t<span  class=\"elementor-icon\">\n\t\t\t\t<svg aria-hidden=\"true\" class=\"e-font-icon-svg e-fas-check-circle\" viewbox=\"0 0 512 512\" xmlns=\"http:\/\/www.w3.org\/2000\/svg\"><path d=\"M504 256c0 136.967-111.033 248-248 248S8 392.967 8 256 119.033 8 256 8s248 111.033 248 248zM227.314 387.314l184-184c6.248-6.248 6.248-16.379 0-22.627l-22.627-22.627c-6.248-6.249-16.379-6.249-22.628 0L216 308.118l-70.059-70.059c-6.248-6.248-16.379-6.248-22.628 0l-22.627 22.627c-6.248 6.248-6.248 16.379 0 22.627l104 104c6.249 6.249 16.379 6.249 22.628.001z\"><\/path><\/svg>\t\t\t\t<\/span>\n\t\t\t<\/div>\n\t\t\t\n\t\t\t\t\t\t<div class=\"elementor-icon-box-content\">\n\n\t\t\t\t\t\t\t\t\t<h3 class=\"elementor-icon-box-title\">\n\t\t\t\t\t\t<span  >\n\t\t\t\t\t\t\tRECLUTAMIENTO\t\t\t\t\t\t<\/span>\n\t\t\t\t\t<\/h3>\n\t\t\t\t\n\t\t\t\t\n\t\t\t<\/div>\n\t\t\t\n\t\t<\/div>\n\t\t\t\t\t\t<\/div>\n\t\t\t\t<\/div>\n\t\t\t\t<div class=\"elementor-element elementor-element-a6822cd elementor-widget elementor-widget-text-editor\" data-id=\"a6822cd\" data-element_type=\"widget\" data-e-type=\"widget\" data-widget_type=\"text-editor.default\">\n\t\t\t\t<div class=\"elementor-widget-container\">\n\t\t\t\t\t\t\t\t\t<p>Disponemos de herramientas que nos ayudan a encontrar y formar a los mejores perfiles para su empresa.<\/p>\t\t\t\t\t\t\t\t<\/div>\n\t\t\t\t<\/div>\n\t\t\t\t<\/div>\n\t\t<div class=\"elementor-element elementor-element-eed80ce e-con-full e-flex e-con e-child\" data-id=\"eed80ce\" data-element_type=\"container\" data-e-type=\"container\">\n\t\t\t\t<div class=\"elementor-element elementor-element-9aa7127 elementor-position-inline-start elementor-view-default elementor-mobile-position-block-start elementor-widget elementor-widget-icon-box\" data-id=\"9aa7127\" data-element_type=\"widget\" data-e-type=\"widget\" data-widget_type=\"icon-box.default\">\n\t\t\t\t<div class=\"elementor-widget-container\">\n\t\t\t\t\t\t\t<div class=\"elementor-icon-box-wrapper\">\n\n\t\t\t\t\t\t<div class=\"elementor-icon-box-icon\">\n\t\t\t\t<span  class=\"elementor-icon\">\n\t\t\t\t<svg aria-hidden=\"true\" class=\"e-font-icon-svg e-fas-check-circle\" viewbox=\"0 0 512 512\" xmlns=\"http:\/\/www.w3.org\/2000\/svg\"><path d=\"M504 256c0 136.967-111.033 248-248 248S8 392.967 8 256 119.033 8 256 8s248 111.033 248 248zM227.314 387.314l184-184c6.248-6.248 6.248-16.379 0-22.627l-22.627-22.627c-6.248-6.249-16.379-6.249-22.628 0L216 308.118l-70.059-70.059c-6.248-6.248-16.379-6.248-22.628 0l-22.627 22.627c-6.248 6.248-6.248 16.379 0 22.627l104 104c6.249 6.249 16.379 6.249 22.628.001z\"><\/path><\/svg>\t\t\t\t<\/span>\n\t\t\t<\/div>\n\t\t\t\n\t\t\t\t\t\t<div class=\"elementor-icon-box-content\">\n\n\t\t\t\t\t\t\t\t\t<h3 class=\"elementor-icon-box-title\">\n\t\t\t\t\t\t<span  >\n\t\t\t\t\t\t\tMEJOR CANDIDATO\t\t\t\t\t\t<\/span>\n\t\t\t\t\t<\/h3>\n\t\t\t\t\n\t\t\t\t\n\t\t\t<\/div>\n\t\t\t\n\t\t<\/div>\n\t\t\t\t\t\t<\/div>\n\t\t\t\t<\/div>\n\t\t\t\t<div class=\"elementor-element elementor-element-9aea4ec elementor-widget elementor-widget-text-editor\" data-id=\"9aea4ec\" data-element_type=\"widget\" data-e-type=\"widget\" data-widget_type=\"text-editor.default\">\n\t\t\t\t<div class=\"elementor-widget-container\">\n\t\t\t\t\t\t\t\t\t<p>Nuestra selecci\u00f3n de procesos se centra en ofrecer el personal adecuado para su empresa.<\/p>\t\t\t\t\t\t\t\t<\/div>\n\t\t\t\t<\/div>\n\t\t\t\t<\/div>\n\t\t<div class=\"elementor-element elementor-element-804daa3 e-con-full e-flex e-con e-child\" data-id=\"804daa3\" data-element_type=\"container\" data-e-type=\"container\">\n\t\t\t\t<div class=\"elementor-element elementor-element-d49e7c3 elementor-position-inline-start elementor-view-default elementor-mobile-position-block-start elementor-widget elementor-widget-icon-box\" data-id=\"d49e7c3\" data-element_type=\"widget\" data-e-type=\"widget\" data-widget_type=\"icon-box.default\">\n\t\t\t\t<div class=\"elementor-widget-container\">\n\t\t\t\t\t\t\t<div class=\"elementor-icon-box-wrapper\">\n\n\t\t\t\t\t\t<div class=\"elementor-icon-box-icon\">\n\t\t\t\t<span  class=\"elementor-icon\">\n\t\t\t\t<svg aria-hidden=\"true\" class=\"e-font-icon-svg e-fas-check-circle\" viewbox=\"0 0 512 512\" xmlns=\"http:\/\/www.w3.org\/2000\/svg\"><path d=\"M504 256c0 136.967-111.033 248-248 248S8 392.967 8 256 119.033 8 256 8s248 111.033 248 248zM227.314 387.314l184-184c6.248-6.248 6.248-16.379 0-22.627l-22.627-22.627c-6.248-6.249-16.379-6.249-22.628 0L216 308.118l-70.059-70.059c-6.248-6.248-16.379-6.248-22.628 0l-22.627 22.627c-6.248 6.248-6.248 16.379 0 22.627l104 104c6.249 6.249 16.379 6.249 22.628.001z\"><\/path><\/svg>\t\t\t\t<\/span>\n\t\t\t<\/div>\n\t\t\t\n\t\t\t\t\t\t<div class=\"elementor-icon-box-content\">\n\n\t\t\t\t\t\t\t\t\t<h3 class=\"elementor-icon-box-title\">\n\t\t\t\t\t\t<span  >\n\t\t\t\t\t\t\tEVALUACI\u00d3N DE COMPETENCIAS\t\t\t\t\t\t<\/span>\n\t\t\t\t\t<\/h3>\n\t\t\t\t\n\t\t\t\t\n\t\t\t<\/div>\n\t\t\t\n\t\t<\/div>\n\t\t\t\t\t\t<\/div>\n\t\t\t\t<\/div>\n\t\t\t\t<div class=\"elementor-element elementor-element-26b4a5f elementor-widget elementor-widget-text-editor\" data-id=\"26b4a5f\" data-element_type=\"widget\" data-e-type=\"widget\" data-widget_type=\"text-editor.default\">\n\t\t\t\t<div class=\"elementor-widget-container\">\n\t\t\t\t\t\t\t\t\t<p>Le ofrecemos las mejores herramientas de evaluaci\u00f3n para cada perfil de su empresa.<\/p>\t\t\t\t\t\t\t\t<\/div>\n\t\t\t\t<\/div>\n\t\t\t\t<\/div>\n\t\t<div class=\"elementor-element elementor-element-69b7220 e-con-full e-flex e-con e-child\" data-id=\"69b7220\" data-element_type=\"container\" data-e-type=\"container\">\n\t\t\t\t<div class=\"elementor-element elementor-element-a571ee0 elementor-position-inline-start elementor-view-default elementor-mobile-position-block-start elementor-widget elementor-widget-icon-box\" data-id=\"a571ee0\" data-element_type=\"widget\" data-e-type=\"widget\" data-widget_type=\"icon-box.default\">\n\t\t\t\t<div class=\"elementor-widget-container\">\n\t\t\t\t\t\t\t<div class=\"elementor-icon-box-wrapper\">\n\n\t\t\t\t\t\t<div class=\"elementor-icon-box-icon\">\n\t\t\t\t<span  class=\"elementor-icon\">\n\t\t\t\t<svg aria-hidden=\"true\" class=\"e-font-icon-svg e-fas-check-circle\" viewbox=\"0 0 512 512\" xmlns=\"http:\/\/www.w3.org\/2000\/svg\"><path d=\"M504 256c0 136.967-111.033 248-248 248S8 392.967 8 256 119.033 8 256 8s248 111.033 248 248zM227.314 387.314l184-184c6.248-6.248 6.248-16.379 0-22.627l-22.627-22.627c-6.248-6.249-16.379-6.249-22.628 0L216 308.118l-70.059-70.059c-6.248-6.248-16.379-6.248-22.628 0l-22.627 22.627c-6.248 6.248-6.248 16.379 0 22.627l104 104c6.249 6.249 16.379 6.249 22.628.001z\"><\/path><\/svg>\t\t\t\t<\/span>\n\t\t\t<\/div>\n\t\t\t\n\t\t\t\t\t\t<div class=\"elementor-icon-box-content\">\n\n\t\t\t\t\t\t\t\t\t<h3 class=\"elementor-icon-box-title\">\n\t\t\t\t\t\t<span  >\n\t\t\t\t\t\t\tVISITAS A DOMICILIO\t\t\t\t\t\t<\/span>\n\t\t\t\t\t<\/h3>\n\t\t\t\t\n\t\t\t\t\n\t\t\t<\/div>\n\t\t\t\n\t\t<\/div>\n\t\t\t\t\t\t<\/div>\n\t\t\t\t<\/div>\n\t\t\t\t<div class=\"elementor-element elementor-element-79a8123 elementor-widget elementor-widget-text-editor\" data-id=\"79a8123\" data-element_type=\"widget\" data-e-type=\"widget\" data-widget_type=\"text-editor.default\">\n\t\t\t\t<div class=\"elementor-widget-container\">\n\t\t\t\t\t\t\t\t\t<p>Visitas domiciliarias, Estudio de curr\u00edculos, Estudio de seguridad, Ex\u00e1menes ocupacionales: Disponemos de herramientas que le proporcionar\u00e1n mayor seguridad y confianza a la hora de contratar a su personal.<\/p>\t\t\t\t\t\t\t\t<\/div>\n\t\t\t\t<\/div>\n\t\t\t\t<\/div>\n\t\t\t\t\t<\/div>\n\t\t\t\t<\/div>\n\t\t<div class=\"elementor-element elementor-element-13d91e6 e-flex e-con-boxed e-con e-parent\" data-id=\"13d91e6\" data-element_type=\"container\" data-e-type=\"container\" data-settings=\"{&quot;background_background&quot;:&quot;classic&quot;}\">\n\t\t\t\t\t<div class=\"e-con-inner\">\n\t\t\t\t<div class=\"elementor-element elementor-element-6f229e9 elementor-widget elementor-widget-heading\" data-id=\"6f229e9\" data-element_type=\"widget\" data-e-type=\"widget\" data-widget_type=\"heading.default\">\n\t\t\t\t<div class=\"elementor-widget-container\">\n\t\t\t\t\t<h2 class=\"elementor-heading-title elementor-size-default\">Beneficios<\/h2>\t\t\t\t<\/div>\n\t\t\t\t<\/div>\n\t\t\t\t\t<\/div>\n\t\t\t\t<\/div>\n\t\t\t\t<\/div>","protected":false},"excerpt":{"rendered":"<p>In Companies there are administrative operative processes that are not oriented to their reason of being, that is why EXCELLENT MPS becomes a relief for organizations in this aspect. Being always close to a business partner will allow you to achieve strategic objectives of your company, which will allow you to focus on the growth, [&hellip;]<\/p>\n","protected":false},"author":1,"featured_media":0,"parent":218,"menu_order":0,"comment_status":"closed","ping_status":"closed","template":"","meta":{"footnotes":""},"class_list":["post-138","page","type-page","status-publish","hentry"],"yoast_head":"<!-- This site is optimized with the Yoast SEO plugin v27.3 - https:\/\/yoast.com\/product\/yoast-seo-wordpress\/ -->\n<title>Recruiting Services - Excellent Manpower Services<\/title>\n<meta name=\"robots\" content=\"index, follow, max-snippet:-1, max-image-preview:large, max-video-preview:-1\" \/>\n<link rel=\"canonical\" href=\"https:\/\/excellentmps.com\/es\/our-services\/recruiting-services\/\" \/>\n<meta property=\"og:locale\" content=\"es_ES\" \/>\n<meta property=\"og:type\" content=\"article\" \/>\n<meta property=\"og:title\" content=\"Recruiting Services - Excellent Manpower Services\" \/>\n<meta property=\"og:description\" content=\"In Companies there are administrative operative processes that are not oriented to their reason of being, that is why EXCELLENT MPS becomes a relief for organizations in this aspect. Being always close to a business partner will allow you to achieve strategic objectives of your company, which will allow you to focus on the growth, [&hellip;]\" \/>\n<meta property=\"og:url\" content=\"https:\/\/excellentmps.com\/es\/our-services\/recruiting-services\/\" \/>\n<meta property=\"og:site_name\" content=\"Excellent Manpower Services\" \/>\n<meta property=\"article:modified_time\" content=\"2024-05-21T21:57:47+00:00\" \/>\n<meta property=\"og:image\" content=\"https:\/\/excellent.rodrigozuluaga.com\/wp-content\/uploads\/2024\/01\/servicio-talento-humano.png\" \/>\n<meta name=\"twitter:card\" content=\"summary_large_image\" \/>\n<meta name=\"twitter:label1\" content=\"Tiempo de lectura\" \/>\n\t<meta name=\"twitter:data1\" content=\"1 minuto\" \/>\n<script type=\"application\/ld+json\" class=\"yoast-schema-graph\">{\"@context\":\"https:\\\/\\\/schema.org\",\"@graph\":[{\"@type\":\"WebPage\",\"@id\":\"https:\\\/\\\/excellentmps.com\\\/our-services\\\/recruiting-services\",\"url\":\"https:\\\/\\\/excellentmps.com\\\/our-services\\\/recruiting-services\",\"name\":\"Recruiting Services - Excellent Manpower Services\",\"isPartOf\":{\"@id\":\"https:\\\/\\\/excellentmps.com\\\/#website\"},\"primaryImageOfPage\":{\"@id\":\"https:\\\/\\\/excellentmps.com\\\/our-services\\\/recruiting-services#primaryimage\"},\"image\":{\"@id\":\"https:\\\/\\\/excellentmps.com\\\/our-services\\\/recruiting-services#primaryimage\"},\"thumbnailUrl\":\"https:\\\/\\\/excellent.rodrigozuluaga.com\\\/wp-content\\\/uploads\\\/2024\\\/01\\\/servicio-talento-humano.png\",\"datePublished\":\"2024-01-06T15:50:00+00:00\",\"dateModified\":\"2024-05-21T21:57:47+00:00\",\"breadcrumb\":{\"@id\":\"https:\\\/\\\/excellentmps.com\\\/our-services\\\/recruiting-services#breadcrumb\"},\"inLanguage\":\"es-CO\",\"potentialAction\":[{\"@type\":\"ReadAction\",\"target\":[\"https:\\\/\\\/excellentmps.com\\\/our-services\\\/recruiting-services\"]}]},{\"@type\":\"ImageObject\",\"inLanguage\":\"es-CO\",\"@id\":\"https:\\\/\\\/excellentmps.com\\\/our-services\\\/recruiting-services#primaryimage\",\"url\":\"https:\\\/\\\/excellent.rodrigozuluaga.com\\\/wp-content\\\/uploads\\\/2024\\\/01\\\/servicio-talento-humano.png\",\"contentUrl\":\"https:\\\/\\\/excellent.rodrigozuluaga.com\\\/wp-content\\\/uploads\\\/2024\\\/01\\\/servicio-talento-humano.png\"},{\"@type\":\"BreadcrumbList\",\"@id\":\"https:\\\/\\\/excellentmps.com\\\/our-services\\\/recruiting-services#breadcrumb\",\"itemListElement\":[{\"@type\":\"ListItem\",\"position\":1,\"name\":\"Home\",\"item\":\"https:\\\/\\\/excellentmps.com\\\/\"},{\"@type\":\"ListItem\",\"position\":2,\"name\":\"Our Services\",\"item\":\"https:\\\/\\\/excellentmps.com\\\/our-services\"},{\"@type\":\"ListItem\",\"position\":3,\"name\":\"Recruiting Services\"}]},{\"@type\":\"WebSite\",\"@id\":\"https:\\\/\\\/excellentmps.com\\\/#website\",\"url\":\"https:\\\/\\\/excellentmps.com\\\/\",\"name\":\"Excellent Manpower Services\",\"description\":\"\",\"publisher\":{\"@id\":\"https:\\\/\\\/excellentmps.com\\\/#organization\"},\"potentialAction\":[{\"@type\":\"SearchAction\",\"target\":{\"@type\":\"EntryPoint\",\"urlTemplate\":\"https:\\\/\\\/excellentmps.com\\\/?s={search_term_string}\"},\"query-input\":{\"@type\":\"PropertyValueSpecification\",\"valueRequired\":true,\"valueName\":\"search_term_string\"}}],\"inLanguage\":\"es-CO\"},{\"@type\":\"Organization\",\"@id\":\"https:\\\/\\\/excellentmps.com\\\/#organization\",\"name\":\"Excellent Manpower Services\",\"url\":\"https:\\\/\\\/excellentmps.com\\\/\",\"logo\":{\"@type\":\"ImageObject\",\"inLanguage\":\"es-CO\",\"@id\":\"https:\\\/\\\/excellentmps.com\\\/#\\\/schema\\\/logo\\\/image\\\/\",\"url\":\"https:\\\/\\\/excellentmps.com\\\/wp-content\\\/uploads\\\/2024\\\/01\\\/excellent-black-logo.png\",\"contentUrl\":\"https:\\\/\\\/excellentmps.com\\\/wp-content\\\/uploads\\\/2024\\\/01\\\/excellent-black-logo.png\",\"width\":188,\"height\":64,\"caption\":\"Excellent Manpower Services\"},\"image\":{\"@id\":\"https:\\\/\\\/excellentmps.com\\\/#\\\/schema\\\/logo\\\/image\\\/\"}}]}<\/script>\n<!-- \/ Yoast SEO plugin. -->","yoast_head_json":{"title":"Recruiting Services - Excellent Manpower Services","robots":{"index":"index","follow":"follow","max-snippet":"max-snippet:-1","max-image-preview":"max-image-preview:large","max-video-preview":"max-video-preview:-1"},"canonical":"https:\/\/excellentmps.com\/es\/our-services\/recruiting-services\/","og_locale":"es_ES","og_type":"article","og_title":"Recruiting Services - Excellent Manpower Services","og_description":"In Companies there are administrative operative processes that are not oriented to their reason of being, that is why EXCELLENT MPS becomes a relief for organizations in this aspect. Being always close to a business partner will allow you to achieve strategic objectives of your company, which will allow you to focus on the growth, [&hellip;]","og_url":"https:\/\/excellentmps.com\/es\/our-services\/recruiting-services\/","og_site_name":"Excellent Manpower Services","article_modified_time":"2024-05-21T21:57:47+00:00","og_image":[{"url":"https:\/\/excellent.rodrigozuluaga.com\/wp-content\/uploads\/2024\/01\/servicio-talento-humano.png","type":"","width":"","height":""}],"twitter_card":"summary_large_image","twitter_misc":{"Tiempo de lectura":"1 minuto"},"schema":{"@context":"https:\/\/schema.org","@graph":[{"@type":"WebPage","@id":"https:\/\/excellentmps.com\/our-services\/recruiting-services","url":"https:\/\/excellentmps.com\/our-services\/recruiting-services","name":"Recruiting Services - Excellent Manpower Services","isPartOf":{"@id":"https:\/\/excellentmps.com\/#website"},"primaryImageOfPage":{"@id":"https:\/\/excellentmps.com\/our-services\/recruiting-services#primaryimage"},"image":{"@id":"https:\/\/excellentmps.com\/our-services\/recruiting-services#primaryimage"},"thumbnailUrl":"https:\/\/excellent.rodrigozuluaga.com\/wp-content\/uploads\/2024\/01\/servicio-talento-humano.png","datePublished":"2024-01-06T15:50:00+00:00","dateModified":"2024-05-21T21:57:47+00:00","breadcrumb":{"@id":"https:\/\/excellentmps.com\/our-services\/recruiting-services#breadcrumb"},"inLanguage":"es-CO","potentialAction":[{"@type":"ReadAction","target":["https:\/\/excellentmps.com\/our-services\/recruiting-services"]}]},{"@type":"ImageObject","inLanguage":"es-CO","@id":"https:\/\/excellentmps.com\/our-services\/recruiting-services#primaryimage","url":"https:\/\/excellent.rodrigozuluaga.com\/wp-content\/uploads\/2024\/01\/servicio-talento-humano.png","contentUrl":"https:\/\/excellent.rodrigozuluaga.com\/wp-content\/uploads\/2024\/01\/servicio-talento-humano.png"},{"@type":"BreadcrumbList","@id":"https:\/\/excellentmps.com\/our-services\/recruiting-services#breadcrumb","itemListElement":[{"@type":"ListItem","position":1,"name":"Home","item":"https:\/\/excellentmps.com\/"},{"@type":"ListItem","position":2,"name":"Our Services","item":"https:\/\/excellentmps.com\/our-services"},{"@type":"ListItem","position":3,"name":"Recruiting Services"}]},{"@type":"WebSite","@id":"https:\/\/excellentmps.com\/#website","url":"https:\/\/excellentmps.com\/","name":"Excellent Manpower Services","description":"","publisher":{"@id":"https:\/\/excellentmps.com\/#organization"},"potentialAction":[{"@type":"SearchAction","target":{"@type":"EntryPoint","urlTemplate":"https:\/\/excellentmps.com\/?s={search_term_string}"},"query-input":{"@type":"PropertyValueSpecification","valueRequired":true,"valueName":"search_term_string"}}],"inLanguage":"es-CO"},{"@type":"Organization","@id":"https:\/\/excellentmps.com\/#organization","name":"Excellent Manpower Services","url":"https:\/\/excellentmps.com\/","logo":{"@type":"ImageObject","inLanguage":"es-CO","@id":"https:\/\/excellentmps.com\/#\/schema\/logo\/image\/","url":"https:\/\/excellentmps.com\/wp-content\/uploads\/2024\/01\/excellent-black-logo.png","contentUrl":"https:\/\/excellentmps.com\/wp-content\/uploads\/2024\/01\/excellent-black-logo.png","width":188,"height":64,"caption":"Excellent Manpower Services"},"image":{"@id":"https:\/\/excellentmps.com\/#\/schema\/logo\/image\/"}}]}},"_links":{"self":[{"href":"https:\/\/excellentmps.com\/es\/wp-json\/wp\/v2\/pages\/138","targetHints":{"allow":["GET"]}}],"collection":[{"href":"https:\/\/excellentmps.com\/es\/wp-json\/wp\/v2\/pages"}],"about":[{"href":"https:\/\/excellentmps.com\/es\/wp-json\/wp\/v2\/types\/page"}],"author":[{"embeddable":true,"href":"https:\/\/excellentmps.com\/es\/wp-json\/wp\/v2\/users\/1"}],"replies":[{"embeddable":true,"href":"https:\/\/excellentmps.com\/es\/wp-json\/wp\/v2\/comments?post=138"}],"version-history":[{"count":0,"href":"https:\/\/excellentmps.com\/es\/wp-json\/wp\/v2\/pages\/138\/revisions"}],"up":[{"embeddable":true,"href":"https:\/\/excellentmps.com\/es\/wp-json\/wp\/v2\/pages\/218"}],"wp:attachment":[{"href":"https:\/\/excellentmps.com\/es\/wp-json\/wp\/v2\/media?parent=138"}],"curies":[{"name":"wp","href":"https:\/\/api.w.org\/{rel}","templated":true}]}}